{"id":17699,"date":"2017-08-02T18:31:51","date_gmt":"2017-08-02T16:31:51","guid":{"rendered":"https:\/\/officina-fotografica.de\/products\/fineart-behind-acrylic-glass\/"},"modified":"2023-05-12T15:33:05","modified_gmt":"2023-05-12T13:33:05","slug":"fineart-behind-acrylic-glass","status":"publish","type":"page","link":"https:\/\/officina-fotografica.de\/en\/products\/fineart-behind-acrylic-glass\/","title":{"rendered":"Fineart behind acrylic glass"},"content":{"rendered":"<div class=\"wpb-content-wrapper\"><p>[vc_row css_animation=&#8221;&#8221; row_type=&#8221;row&#8221; use_row_as_full_screen_section=&#8221;no&#8221; type=&#8221;full_width&#8221; angled_section=&#8221;no&#8221; text_align=&#8221;left&#8221; background_image_as_pattern=&#8221;without_pattern&#8221;][vc_column][vc_single_image image=&#8221;15667&#8243; img_size=&#8221;full&#8221; qode_css_animation=&#8221;&#8221;][\/vc_column][\/vc_row][vc_row css_animation=&#8221;&#8221; row_type=&#8221;row&#8221; use_row_as_full_screen_section=&#8221;no&#8221; type=&#8221;full_width&#8221; angled_section=&#8221;no&#8221; text_align=&#8221;left&#8221; background_image_as_pattern=&#8221;without_pattern&#8221;][vc_column css=&#8221;.vc_custom_1501691785563{padding-right: 20px !important;}&#8221;][vc_empty_space height=&#8221;40px&#8221;][vc_column_text css=&#8221;.vc_custom_1645024682530{padding-right: 20px !important;}&#8221;]<\/p>\n<h1 class=\"p2\">Lamination behind acrylic glass \u2013 impactful, high quality, perfect<\/h1>\n<p class=\"p2\">Many photographers present their photos behind acrylic glass because acrylic glass pictures are undoubtedly among the noblest forms of modern picture presentation. A gicl\u00e9e print is laminated behind acrylic glass with a special, clear silicone and sealed with millimetre precision \u2013 comparable to the well-known Diasec\u00ae.<\/p>\n<p class=\"p2\">The lamination behind acrylic glass gives the image exceptional plasticity, brilliant depth, and contrast.<br \/>\nFurthermore, at Officina Fotografica, we also ensure a long life for your work by additionally stabilising the photo on a suitable Alu-Dibond backing. This makes your print durable and dimensionally stable.<\/p>\n<h2>Noble acrylic glass with modern fine art printing technique<\/h2>\n<p>The photo is not printed directly onto the acrylic glass but onto special Fine Art paper, which is particularly suitable for use behind acrylic glass.<br \/>\nEspecially with the refinement of HAHNEM\u00dcHLE papers, the Gicl\u00e9e pigment printing process achieved awe-inspiring results in colour differentiation and colour depth. For photorealistic results, we use many bright additional colours and up to 4 different shades of black in addition to the primary CMY base colours. Since printing on Fine Art paper is particularly rich in detail, even the largest acrylic glass images have excellent acuity and depth of detail.<\/p>\n<p>The final result is a perfect unity of sturdy rear panel, most modern gicl\u00e9e printing and acrylic glass that will undoubtedly do justice to its use in galleries, for advertising purposes or even in the private sphere.<\/p>\n<h2>Lamination behind acrylic glass in the individual format of your choice<\/h2>\n<p>You can get your acrylic glass picture in any standard or desired format and with individual cutting (minimum DIN A4 up to a maximum of 160 cm on the narrow side). Simply ask for your individual desired format for your print!<\/p>\n<p>After professional lamination behind acrylic glass, we provide each photo with an aluminium profile frame on the back. This means your work is ready for immediate use and can be installed on the wall.<\/p>\n<h2>Different surfaces for different requirements<\/h2>\n<p>For your gicl\u00e9e print behind acrylic glass, you have the choice between the following surfaces:<br \/>\nhigh gloss<br \/>\nmatt<br \/>\nscratch-resistant high gloss by R\u00d6HM*<br \/>\nnon-reflective museum acrylic from Trulife TruVue Museum Acrylic\u00ae**<\/p>\n<h2>What are the advantages of laminating your photo behind acrylic glass?<\/h2>\n<ul>\n<li>Ideally suited for modern image presentation in galleries.<\/li>\n<li>Our work is carried out with the highest precision and care.<\/li>\n<li>Due to the lamination behind acrylic glass and the stabilisation by an Alu-Dibond rear panel, you receive a particularly durable and high-quality product.<\/li>\n<li>The lamination behind acrylic glass protects your photo from dust, dirt, and impurities.<\/li>\n<li>Achieves a high-quality and noble effect.<\/li>\n<li>The combination of the latest Fine Art printing technology and acrylic glass achieves particularly sharp results with a brilliant depth effect.<\/li>\n<\/ul>\n<p>&nbsp;<\/p>\n<h2>Other alternatives to lamination behind acrylic glass<\/h2>\n<p>Tastes are different, and the future location of your print may have specific requirements. Of course, we offer you various possibilities to skilfully set the scene for your Gicl\u00e9e Fine Art print.<br \/>\nIn addition to lamination behind acrylic glass, we also offer professional lamination under white or museum glass, lamination on an Alu-Dibond carrier plate or gicl\u00e9e printing on canvas.[\/vc_column_text][vc_empty_space height=&#8221;36px&#8221;][vc_column_text]We at Officina Fotografica look forward to your enquiry and will be happy to advise you![\/vc_column_text][vc_empty_space height=&#8221;36px&#8221;][\/vc_column][\/vc_row][vc_row css_animation=&#8221;&#8221; row_type=&#8221;row&#8221; use_row_as_full_screen_section=&#8221;no&#8221; type=&#8221;full_width&#8221; angled_section=&#8221;no&#8221; text_align=&#8221;left&#8221; background_image_as_pattern=&#8221;without_pattern&#8221; el_id=&#8221;roehm&#8221; z_index=&#8221;&#8221;][vc_column][vc_column_text]<em>* R\u00d6HM Material Details:<\/em><br \/>\n<em>Uniformly bright and pin-sharp images are made possible by PMMA sheets with optical functionalities, high light transmission and distribution, especially in display applications. The one-sided surface coating of PLEXIGLAS\u00ae Optical scratch-resistant coat (HC) offers excellent resistance to abrasion and chemicals.<\/em>[\/vc_column_text][\/vc_column][\/vc_row][vc_row css_animation=&#8221;&#8221; row_type=&#8221;row&#8221; use_row_as_full_screen_section=&#8221;no&#8221; type=&#8221;full_width&#8221; angled_section=&#8221;no&#8221; text_align=&#8221;left&#8221; background_image_as_pattern=&#8221;without_pattern&#8221; el_id=&#8221;trulife&#8221; z_index=&#8221;&#8221;][vc_column][vc_column_text]<em>** Trulife TruVue Museum Acrylic\u00ae:<\/em><br \/>\n<em>The one-sided non-reflective acrylic glass Trulife\u00ae gives art and photography a modern look with brilliant colours and a lifelike appearance that other acrylic products cannot compete with. This standard is achieved by the proprietary anti-reflective coating, which creates an almost invisible surface and eliminates disruptive light reflections as well as inconvenient glare effects from other acrylic sheets. And unlike other acrylic panes that quickly catch dust and scratch, TruLife\u2122 is anti-static and scratch-resistant. A truly brilliant idea!<\/em>[\/vc_column_text][vc_empty_space height=&#8221;60px&#8221;]<a  itemprop=\"url\" href=\"https:\/\/officina-fotografica.de\/en\/products\/\" target=\"_self\" data-hover-background-color=\"#e10d49\" class=\"qbutton  medium default\" style=\"\">BACK TO PRODUCT OVERVIEW<\/a>[vc_empty_space height=&#8221;60px&#8221;][\/vc_column][\/vc_row]<\/p>\n<\/div>","protected":false},"excerpt":{"rendered":"<p>[vc_row css_animation=&#8221;&#8221; row_type=&#8221;row&#8221; use_row_as_full_screen_section=&#8221;no&#8221; type=&#8221;full_width&#8221; angled_section=&#8221;no&#8221; text_align=&#8221;left&#8221; background_image_as_pattern=&#8221;without_pattern&#8221;][vc_column][vc_single_image image=&#8221;15667&#8243; img_size=&#8221;full&#8221; qode_css_animation=&#8221;&#8221;][\/vc_column][\/vc_row][vc_row css_animation=&#8221;&#8221; row_type=&#8221;row&#8221; use_row_as_full_screen_section=&#8221;no&#8221; type=&#8221;full_width&#8221; angled_section=&#8221;no&#8221; text_align=&#8221;left&#8221; background_image_as_pattern=&#8221;without_pattern&#8221;][vc_column css=&#8221;.vc_custom_1501691785563{padding-right: 20px !important;}&#8221;][vc_empty_space height=&#8221;40px&#8221;][vc_column_text css=&#8221;.vc_custom_1645024682530{padding-right: 20px !important;}&#8221;] Lamination behind acrylic glass \u2013 impactful, high quality, perfect Many photographers present their photos behind acrylic glass because acrylic glass&#8230;<\/p>","protected":false},"author":8,"featured_media":0,"parent":17695,"menu_order":10,"comment_status":"closed","ping_status":"closed","template":"","meta":{"footnotes":""},"class_list":["post-17699","page","type-page","status-publish","hentry"],"yoast_head":"<!-- This site is optimized with the Yoast SEO plugin v27.5 - https:\/\/yoast.com\/product\/yoast-seo-wordpress\/ -->\n<title>FINEART BEHIND ACRYLIC GLASS IN GALLERY QUALITY<\/title>\n<meta name=\"description\" content=\"FineArt-Druck unter Acrylglas kaschiert - Inszenieren Sie Ihr Werk unter wirkungsvollem Acrylglas. Wir erf\u00fcllen Ihre W\u00fcnsche in Ma\u00df- und Handarbeit!\" \/>\n<meta name=\"robots\" content=\"index, follow, max-snippet:-1, max-image-preview:large, max-video-preview:-1\" \/>\n<link rel=\"canonical\" href=\"https:\/\/officina-fotografica.de\/en\/products\/fineart-behind-acrylic-glass\/\" \/>\n<meta property=\"og:locale\" content=\"en_US\" \/>\n<meta property=\"og:type\" content=\"article\" \/>\n<meta property=\"og:title\" content=\"FINEART BEHIND ACRYLIC GLASS IN GALLERY QUALITY\" \/>\n<meta property=\"og:description\" content=\"FineArt-Druck unter Acrylglas kaschiert - Inszenieren Sie Ihr Werk unter wirkungsvollem Acrylglas. Wir erf\u00fcllen Ihre W\u00fcnsche in Ma\u00df- und Handarbeit!\" \/>\n<meta property=\"og:url\" content=\"https:\/\/officina-fotografica.de\/en\/products\/fineart-behind-acrylic-glass\/\" \/>\n<meta property=\"og:site_name\" content=\"Officina Fotografica GmbH | OF Fine Art\" \/>\n<meta property=\"article:modified_time\" content=\"2023-05-12T13:33:05+00:00\" \/>\n<meta name=\"twitter:card\" content=\"summary_large_image\" \/>\n<meta name=\"twitter:label1\" content=\"Est. reading time\" \/>\n\t<meta name=\"twitter:data1\" content=\"4 minutes\" \/>\n<script type=\"application\/ld+json\" class=\"yoast-schema-graph\">{\"@context\":\"https:\\\/\\\/schema.org\",\"@graph\":[{\"@type\":\"WebPage\",\"@id\":\"https:\\\/\\\/officina-fotografica.de\\\/en\\\/products\\\/fineart-behind-acrylic-glass\\\/\",\"url\":\"https:\\\/\\\/officina-fotografica.de\\\/en\\\/products\\\/fineart-behind-acrylic-glass\\\/\",\"name\":\"FINEART BEHIND ACRYLIC GLASS IN GALLERY QUALITY\",\"isPartOf\":{\"@id\":\"https:\\\/\\\/officina-fotografica.de\\\/en\\\/#website\"},\"datePublished\":\"2017-08-02T16:31:51+00:00\",\"dateModified\":\"2023-05-12T13:33:05+00:00\",\"description\":\"FineArt-Druck unter Acrylglas kaschiert - Inszenieren Sie Ihr Werk unter wirkungsvollem Acrylglas. Wir erf\u00fcllen Ihre W\u00fcnsche in Ma\u00df- und Handarbeit!\",\"breadcrumb\":{\"@id\":\"https:\\\/\\\/officina-fotografica.de\\\/en\\\/products\\\/fineart-behind-acrylic-glass\\\/#breadcrumb\"},\"inLanguage\":\"en-US\",\"potentialAction\":[{\"@type\":\"ReadAction\",\"target\":[\"https:\\\/\\\/officina-fotografica.de\\\/en\\\/products\\\/fineart-behind-acrylic-glass\\\/\"]}]},{\"@type\":\"BreadcrumbList\",\"@id\":\"https:\\\/\\\/officina-fotografica.de\\\/en\\\/products\\\/fineart-behind-acrylic-glass\\\/#breadcrumb\",\"itemListElement\":[{\"@type\":\"ListItem\",\"position\":1,\"name\":\"Home page\",\"item\":\"https:\\\/\\\/officina-fotografica.de\\\/en\\\/home\\\/\"},{\"@type\":\"ListItem\",\"position\":2,\"name\":\"Products\",\"item\":\"https:\\\/\\\/officina-fotografica.de\\\/en\\\/products\\\/\"},{\"@type\":\"ListItem\",\"position\":3,\"name\":\"Fineart behind acrylic glass\"}]},{\"@type\":\"WebSite\",\"@id\":\"https:\\\/\\\/officina-fotografica.de\\\/en\\\/#website\",\"url\":\"https:\\\/\\\/officina-fotografica.de\\\/en\\\/\",\"name\":\"Officina Fotografica GmbH | OF Fine Art\",\"description\":\"Die Bilderwerkstatt in M\u00fcnchen\",\"potentialAction\":[{\"@type\":\"SearchAction\",\"target\":{\"@type\":\"EntryPoint\",\"urlTemplate\":\"https:\\\/\\\/officina-fotografica.de\\\/en\\\/?s={search_term_string}\"},\"query-input\":{\"@type\":\"PropertyValueSpecification\",\"valueRequired\":true,\"valueName\":\"search_term_string\"}}],\"inLanguage\":\"en-US\"}]}<\/script>\n<!-- \/ Yoast SEO plugin. -->","yoast_head_json":{"title":"FINEART BEHIND ACRYLIC GLASS IN GALLERY QUALITY","description":"FineArt-Druck unter Acrylglas kaschiert - Inszenieren Sie Ihr Werk unter wirkungsvollem Acrylglas. Wir erf\u00fcllen Ihre W\u00fcnsche in Ma\u00df- und Handarbeit!","robots":{"index":"index","follow":"follow","max-snippet":"max-snippet:-1","max-image-preview":"max-image-preview:large","max-video-preview":"max-video-preview:-1"},"canonical":"https:\/\/officina-fotografica.de\/en\/products\/fineart-behind-acrylic-glass\/","og_locale":"en_US","og_type":"article","og_title":"FINEART BEHIND ACRYLIC GLASS IN GALLERY QUALITY","og_description":"FineArt-Druck unter Acrylglas kaschiert - Inszenieren Sie Ihr Werk unter wirkungsvollem Acrylglas. Wir erf\u00fcllen Ihre W\u00fcnsche in Ma\u00df- und Handarbeit!","og_url":"https:\/\/officina-fotografica.de\/en\/products\/fineart-behind-acrylic-glass\/","og_site_name":"Officina Fotografica GmbH | OF Fine Art","article_modified_time":"2023-05-12T13:33:05+00:00","twitter_card":"summary_large_image","twitter_misc":{"Est. reading time":"4 minutes"},"schema":{"@context":"https:\/\/schema.org","@graph":[{"@type":"WebPage","@id":"https:\/\/officina-fotografica.de\/en\/products\/fineart-behind-acrylic-glass\/","url":"https:\/\/officina-fotografica.de\/en\/products\/fineart-behind-acrylic-glass\/","name":"FINEART BEHIND ACRYLIC GLASS IN GALLERY QUALITY","isPartOf":{"@id":"https:\/\/officina-fotografica.de\/en\/#website"},"datePublished":"2017-08-02T16:31:51+00:00","dateModified":"2023-05-12T13:33:05+00:00","description":"FineArt-Druck unter Acrylglas kaschiert - Inszenieren Sie Ihr Werk unter wirkungsvollem Acrylglas. Wir erf\u00fcllen Ihre W\u00fcnsche in Ma\u00df- und Handarbeit!","breadcrumb":{"@id":"https:\/\/officina-fotografica.de\/en\/products\/fineart-behind-acrylic-glass\/#breadcrumb"},"inLanguage":"en-US","potentialAction":[{"@type":"ReadAction","target":["https:\/\/officina-fotografica.de\/en\/products\/fineart-behind-acrylic-glass\/"]}]},{"@type":"BreadcrumbList","@id":"https:\/\/officina-fotografica.de\/en\/products\/fineart-behind-acrylic-glass\/#breadcrumb","itemListElement":[{"@type":"ListItem","position":1,"name":"Home page","item":"https:\/\/officina-fotografica.de\/en\/home\/"},{"@type":"ListItem","position":2,"name":"Products","item":"https:\/\/officina-fotografica.de\/en\/products\/"},{"@type":"ListItem","position":3,"name":"Fineart behind acrylic glass"}]},{"@type":"WebSite","@id":"https:\/\/officina-fotografica.de\/en\/#website","url":"https:\/\/officina-fotografica.de\/en\/","name":"Officina Fotografica GmbH | OF Fine Art","description":"Die Bilderwerkstatt in M\u00fcnchen","potentialAction":[{"@type":"SearchAction","target":{"@type":"EntryPoint","urlTemplate":"https:\/\/officina-fotografica.de\/en\/?s={search_term_string}"},"query-input":{"@type":"PropertyValueSpecification","valueRequired":true,"valueName":"search_term_string"}}],"inLanguage":"en-US"}]}},"_links":{"self":[{"href":"https:\/\/officina-fotografica.de\/en\/wp-json\/wp\/v2\/pages\/17699","targetHints":{"allow":["GET"]}}],"collection":[{"href":"https:\/\/officina-fotografica.de\/en\/wp-json\/wp\/v2\/pages"}],"about":[{"href":"https:\/\/officina-fotografica.de\/en\/wp-json\/wp\/v2\/types\/page"}],"author":[{"embeddable":true,"href":"https:\/\/officina-fotografica.de\/en\/wp-json\/wp\/v2\/users\/8"}],"replies":[{"embeddable":true,"href":"https:\/\/officina-fotografica.de\/en\/wp-json\/wp\/v2\/comments?post=17699"}],"version-history":[{"count":5,"href":"https:\/\/officina-fotografica.de\/en\/wp-json\/wp\/v2\/pages\/17699\/revisions"}],"predecessor-version":[{"id":17721,"href":"https:\/\/officina-fotografica.de\/en\/wp-json\/wp\/v2\/pages\/17699\/revisions\/17721"}],"up":[{"embeddable":true,"href":"https:\/\/officina-fotografica.de\/en\/wp-json\/wp\/v2\/pages\/17695"}],"wp:attachment":[{"href":"https:\/\/officina-fotografica.de\/en\/wp-json\/wp\/v2\/media?parent=17699"}],"curies":[{"name":"wp","href":"https:\/\/api.w.org\/{rel}","templated":true}]}}