{"id":17705,"date":"2020-05-02T22:33:58","date_gmt":"2020-05-02T20:33:58","guid":{"rendered":"https:\/\/officina-fotografica.de\/products\/alu-dibond\/"},"modified":"2023-05-12T15:33:19","modified_gmt":"2023-05-12T13:33:19","slug":"alu-dibond","status":"publish","type":"page","link":"https:\/\/officina-fotografica.de\/en\/products\/alu-dibond\/","title":{"rendered":"Highquality gicl\u00e9e fineart print"},"content":{"rendered":"<div class=\"wpb-content-wrapper\"><p>[vc_row css_animation=&#8221;&#8221; row_type=&#8221;row&#8221; use_row_as_full_screen_section=&#8221;no&#8221; type=&#8221;full_width&#8221; angled_section=&#8221;no&#8221; text_align=&#8221;left&#8221; background_image_as_pattern=&#8221;without_pattern&#8221;][vc_column][vc_single_image image=&#8221;16083&#8243; img_size=&#8221;full&#8221; qode_css_animation=&#8221;&#8221;][\/vc_column][\/vc_row][vc_row css_animation=&#8221;&#8221; row_type=&#8221;row&#8221; use_row_as_full_screen_section=&#8221;no&#8221; type=&#8221;full_width&#8221; angled_section=&#8221;no&#8221; text_align=&#8221;left&#8221; background_image_as_pattern=&#8221;without_pattern&#8221;][vc_column css=&#8221;.vc_custom_1501691785563{padding-right: 20px !important;}&#8221;][vc_empty_space height=&#8221;40px&#8221;][vc_column_text css=&#8221;.vc_custom_1645028788013{padding-right: 20px !important;}&#8221;]<\/p>\n<h1>THE CLASSIC WAY OF PHOTO PRESENTATION<\/h1>\n<h2>WHAT IS A PRINT ON ALU-DIBOND SUITABLE FOR?<\/h2>\n<p>FineArt printing on a 3-layer composite panel is an all-rounder, whether for exhibitions or interior design. It promises exceptionally long-lasting and high-quality results to showcase your works skilfully.<\/p>\n<h2>WHAT DISTINGUISHES THE LAMINATION OF PHOTOS ON ALU-DIBOND?<\/h2>\n<p>Photos on Alu-Dibond are characterised by their incomparable stability, shape retention and longevity. This means you can enjoy your work for years to come.<br \/>\nIn addition to their high stability, the prints also benefit from their lightness and modern appeal. This makes them ideal for exhibitions and trade fairs.<br \/>\nBut the material is also ideally suited for interior design and becomes an eye-catcher in offices, shop fittings or even at home.<\/p>\n<h2>HOW IS YOUR PHOTO MOUNTED ON ALU-DIBOND?<\/h2>\n<h3>THE LAMINATION OF YOUR PRINT ON THE ALU COMPOSITE PANEL<\/h3>\n<p>A FineArt print convinces with a photo-realistic reproduction of your motif.<br \/>\nWe laminate this gicl\u00e9e print on Dibond, a dimensionally stable aluminium-plastic composite panel.<br \/>\nYour FineArt print is applied to the stable 3-layer aluminium carrier plate with a special, double-sided, acid-free adhesive film.<br \/>\nWe also apply a protective film to protect your photo-haptic print as best as possible and prevent UV radiation. Here you can choose between a matt or a glossy finish.<br \/>\nFor gicl\u00e9e printing on mould-made paper, the matt papers are protected with a fixative from Hahnem\u00fchle.<\/p>\n<h2>PHOTOS ON ALU-DIBOND \u2013 FINISHES TO SUIT YOUR TASTE<\/h2>\n<p>Alu-Dibond is very easy to cut and punch without losing stability. It is therefore ideal for large-format designs and panoramic formats as well as for small-format works. You can get your photo on Alu-Dibond in any standard or desired format and with individual cutting (minimum DIN A4 up to a maximum of 150 cm on the narrow side). Simply ask for your individual desired format for your print!<br \/>\nAfter a professional lamination, we naturally provide each photo with an aluminium hook or aluminium profile frame on the back. This allows you to mount your print on the wall immediately.<\/p>\n<h2>YOUR PHOTO ON ALU-DIBOND \u2013 THE ADVANTAGES AT A GLANCE<\/h2>\n<ul>\n<li>FineArt print with a modern look in the highest gallery quality<\/li>\n<li>Choose between a matt or glossy finish for the professional lamination of your photo<\/li>\n<li>Alu-Dibond is suitable for both outdoor and indoor use<\/li>\n<li>Lightness despite stability and shape retention<\/li>\n<li>Alu-Dibond is ideal for any standard or desired format<\/li>\n<li>The finished mural comes with an aluminium hook or aluminium profile frame on the back for immediate hanging.<\/li>\n<\/ul>\n<p>&nbsp;<\/p>\n<p>Whether you choose lamination behind acrylic glass or your photo on Alu-Dibond depends entirely on your taste. Both types are very modern-looking print finishes, yet they have very different visual effects. A photo under acrylic glass is particularly impressive because of its brilliant depth effect.[\/vc_column_text][vc_empty_space height=&#8221;24px&#8221;][vc_column_text]We at Officina Fotografica look forward to your enquiry and will be happy to advise you.[\/vc_column_text][vc_empty_space height=&#8221;60px&#8221;]<a  itemprop=\"url\" href=\"https:\/\/officina-fotografica.de\/en\/products\/\" target=\"_self\"  class=\"qbutton  medium default\" style=\"\">BACK TO PRODUCT OVERVIEW<\/a>[vc_empty_space height=&#8221;60px&#8221;][\/vc_column][\/vc_row]<\/p>\n<\/div>","protected":false},"excerpt":{"rendered":"<p>[vc_row css_animation=&#8221;&#8221; row_type=&#8221;row&#8221; use_row_as_full_screen_section=&#8221;no&#8221; type=&#8221;full_width&#8221; angled_section=&#8221;no&#8221; text_align=&#8221;left&#8221; background_image_as_pattern=&#8221;without_pattern&#8221;][vc_column][vc_single_image image=&#8221;16083&#8243; img_size=&#8221;full&#8221; qode_css_animation=&#8221;&#8221;][\/vc_column][\/vc_row][vc_row css_animation=&#8221;&#8221; row_type=&#8221;row&#8221; use_row_as_full_screen_section=&#8221;no&#8221; type=&#8221;full_width&#8221; angled_section=&#8221;no&#8221; text_align=&#8221;left&#8221; background_image_as_pattern=&#8221;without_pattern&#8221;][vc_column css=&#8221;.vc_custom_1501691785563{padding-right: 20px !important;}&#8221;][vc_empty_space height=&#8221;40px&#8221;][vc_column_text css=&#8221;.vc_custom_1645028788013{padding-right: 20px !important;}&#8221;] THE CLASSIC WAY OF PHOTO PRESENTATION WHAT IS A PRINT ON ALU-DIBOND SUITABLE FOR? FineArt printing on a 3-layer composite&#8230;<\/p>","protected":false},"author":8,"featured_media":0,"parent":17695,"menu_order":20,"comment_status":"closed","ping_status":"closed","template":"","meta":{"footnotes":""},"class_list":["post-17705","page","type-page","status-publish","hentry"],"yoast_head":"<!-- This site is optimized with the Yoast SEO plugin v27.4 - https:\/\/yoast.com\/product\/yoast-seo-wordpress\/ -->\n<title>Highquality gicl\u00e9e fineart print - Officina Fotografica GmbH | OF Fine Art<\/title>\n<meta name=\"description\" content=\"Ihr Foto auf Alu-Dibond in h\u00f6chster Qualit\u00e4t -\u00a0 echter FineArt Pigmentdruck mit Kaschierung auf Alu-Dibond. Wir erf\u00fcllen Ihre W\u00fcnsche in Ma\u00df- und Handarbeit!\" \/>\n<meta name=\"robots\" content=\"index, follow, max-snippet:-1, max-image-preview:large, max-video-preview:-1\" \/>\n<link rel=\"canonical\" href=\"https:\/\/officina-fotografica.de\/en\/products\/alu-dibond\/\" \/>\n<meta property=\"og:locale\" content=\"en_US\" \/>\n<meta property=\"og:type\" content=\"article\" \/>\n<meta property=\"og:title\" content=\"Highquality gicl\u00e9e fineart print - Officina Fotografica GmbH | OF Fine Art\" \/>\n<meta property=\"og:description\" content=\"Ihr Foto auf Alu-Dibond in h\u00f6chster Qualit\u00e4t -\u00a0 echter FineArt Pigmentdruck mit Kaschierung auf Alu-Dibond. Wir erf\u00fcllen Ihre W\u00fcnsche in Ma\u00df- und Handarbeit!\" \/>\n<meta property=\"og:url\" content=\"https:\/\/officina-fotografica.de\/en\/products\/alu-dibond\/\" \/>\n<meta property=\"og:site_name\" content=\"Officina Fotografica GmbH | OF Fine Art\" \/>\n<meta property=\"article:modified_time\" content=\"2023-05-12T13:33:19+00:00\" \/>\n<meta name=\"twitter:card\" content=\"summary_large_image\" \/>\n<meta name=\"twitter:label1\" content=\"Est. reading time\" \/>\n\t<meta name=\"twitter:data1\" content=\"3 minutes\" \/>\n<script type=\"application\/ld+json\" class=\"yoast-schema-graph\">{\"@context\":\"https:\\\/\\\/schema.org\",\"@graph\":[{\"@type\":\"WebPage\",\"@id\":\"https:\\\/\\\/officina-fotografica.de\\\/en\\\/products\\\/alu-dibond\\\/\",\"url\":\"https:\\\/\\\/officina-fotografica.de\\\/en\\\/products\\\/alu-dibond\\\/\",\"name\":\"Highquality gicl\u00e9e fineart print - Officina Fotografica GmbH | OF Fine Art\",\"isPartOf\":{\"@id\":\"https:\\\/\\\/officina-fotografica.de\\\/en\\\/#website\"},\"datePublished\":\"2020-05-02T20:33:58+00:00\",\"dateModified\":\"2023-05-12T13:33:19+00:00\",\"description\":\"Ihr Foto auf Alu-Dibond in h\u00f6chster Qualit\u00e4t -\u00a0 echter FineArt Pigmentdruck mit Kaschierung auf Alu-Dibond. Wir erf\u00fcllen Ihre W\u00fcnsche in Ma\u00df- und Handarbeit!\",\"breadcrumb\":{\"@id\":\"https:\\\/\\\/officina-fotografica.de\\\/en\\\/products\\\/alu-dibond\\\/#breadcrumb\"},\"inLanguage\":\"en-US\",\"potentialAction\":[{\"@type\":\"ReadAction\",\"target\":[\"https:\\\/\\\/officina-fotografica.de\\\/en\\\/products\\\/alu-dibond\\\/\"]}]},{\"@type\":\"BreadcrumbList\",\"@id\":\"https:\\\/\\\/officina-fotografica.de\\\/en\\\/products\\\/alu-dibond\\\/#breadcrumb\",\"itemListElement\":[{\"@type\":\"ListItem\",\"position\":1,\"name\":\"Home page\",\"item\":\"https:\\\/\\\/officina-fotografica.de\\\/en\\\/home\\\/\"},{\"@type\":\"ListItem\",\"position\":2,\"name\":\"Products\",\"item\":\"https:\\\/\\\/officina-fotografica.de\\\/en\\\/products\\\/\"},{\"@type\":\"ListItem\",\"position\":3,\"name\":\"Highquality gicl\u00e9e fineart print\"}]},{\"@type\":\"WebSite\",\"@id\":\"https:\\\/\\\/officina-fotografica.de\\\/en\\\/#website\",\"url\":\"https:\\\/\\\/officina-fotografica.de\\\/en\\\/\",\"name\":\"Officina Fotografica GmbH | OF Fine Art\",\"description\":\"Die Bilderwerkstatt in M\u00fcnchen\",\"potentialAction\":[{\"@type\":\"SearchAction\",\"target\":{\"@type\":\"EntryPoint\",\"urlTemplate\":\"https:\\\/\\\/officina-fotografica.de\\\/en\\\/?s={search_term_string}\"},\"query-input\":{\"@type\":\"PropertyValueSpecification\",\"valueRequired\":true,\"valueName\":\"search_term_string\"}}],\"inLanguage\":\"en-US\"}]}<\/script>\n<!-- \/ Yoast SEO plugin. -->","yoast_head_json":{"title":"Highquality gicl\u00e9e fineart print - Officina Fotografica GmbH | OF Fine Art","description":"Ihr Foto auf Alu-Dibond in h\u00f6chster Qualit\u00e4t -\u00a0 echter FineArt Pigmentdruck mit Kaschierung auf Alu-Dibond. Wir erf\u00fcllen Ihre W\u00fcnsche in Ma\u00df- und Handarbeit!","robots":{"index":"index","follow":"follow","max-snippet":"max-snippet:-1","max-image-preview":"max-image-preview:large","max-video-preview":"max-video-preview:-1"},"canonical":"https:\/\/officina-fotografica.de\/en\/products\/alu-dibond\/","og_locale":"en_US","og_type":"article","og_title":"Highquality gicl\u00e9e fineart print - Officina Fotografica GmbH | OF Fine Art","og_description":"Ihr Foto auf Alu-Dibond in h\u00f6chster Qualit\u00e4t -\u00a0 echter FineArt Pigmentdruck mit Kaschierung auf Alu-Dibond. Wir erf\u00fcllen Ihre W\u00fcnsche in Ma\u00df- und Handarbeit!","og_url":"https:\/\/officina-fotografica.de\/en\/products\/alu-dibond\/","og_site_name":"Officina Fotografica GmbH | OF Fine Art","article_modified_time":"2023-05-12T13:33:19+00:00","twitter_card":"summary_large_image","twitter_misc":{"Est. reading time":"3 minutes"},"schema":{"@context":"https:\/\/schema.org","@graph":[{"@type":"WebPage","@id":"https:\/\/officina-fotografica.de\/en\/products\/alu-dibond\/","url":"https:\/\/officina-fotografica.de\/en\/products\/alu-dibond\/","name":"Highquality gicl\u00e9e fineart print - Officina Fotografica GmbH | OF Fine Art","isPartOf":{"@id":"https:\/\/officina-fotografica.de\/en\/#website"},"datePublished":"2020-05-02T20:33:58+00:00","dateModified":"2023-05-12T13:33:19+00:00","description":"Ihr Foto auf Alu-Dibond in h\u00f6chster Qualit\u00e4t -\u00a0 echter FineArt Pigmentdruck mit Kaschierung auf Alu-Dibond. Wir erf\u00fcllen Ihre W\u00fcnsche in Ma\u00df- und Handarbeit!","breadcrumb":{"@id":"https:\/\/officina-fotografica.de\/en\/products\/alu-dibond\/#breadcrumb"},"inLanguage":"en-US","potentialAction":[{"@type":"ReadAction","target":["https:\/\/officina-fotografica.de\/en\/products\/alu-dibond\/"]}]},{"@type":"BreadcrumbList","@id":"https:\/\/officina-fotografica.de\/en\/products\/alu-dibond\/#breadcrumb","itemListElement":[{"@type":"ListItem","position":1,"name":"Home page","item":"https:\/\/officina-fotografica.de\/en\/home\/"},{"@type":"ListItem","position":2,"name":"Products","item":"https:\/\/officina-fotografica.de\/en\/products\/"},{"@type":"ListItem","position":3,"name":"Highquality gicl\u00e9e fineart print"}]},{"@type":"WebSite","@id":"https:\/\/officina-fotografica.de\/en\/#website","url":"https:\/\/officina-fotografica.de\/en\/","name":"Officina Fotografica GmbH | OF Fine Art","description":"Die Bilderwerkstatt in M\u00fcnchen","potentialAction":[{"@type":"SearchAction","target":{"@type":"EntryPoint","urlTemplate":"https:\/\/officina-fotografica.de\/en\/?s={search_term_string}"},"query-input":{"@type":"PropertyValueSpecification","valueRequired":true,"valueName":"search_term_string"}}],"inLanguage":"en-US"}]}},"_links":{"self":[{"href":"https:\/\/officina-fotografica.de\/en\/wp-json\/wp\/v2\/pages\/17705","targetHints":{"allow":["GET"]}}],"collection":[{"href":"https:\/\/officina-fotografica.de\/en\/wp-json\/wp\/v2\/pages"}],"about":[{"href":"https:\/\/officina-fotografica.de\/en\/wp-json\/wp\/v2\/types\/page"}],"author":[{"embeddable":true,"href":"https:\/\/officina-fotografica.de\/en\/wp-json\/wp\/v2\/users\/8"}],"replies":[{"embeddable":true,"href":"https:\/\/officina-fotografica.de\/en\/wp-json\/wp\/v2\/comments?post=17705"}],"version-history":[{"count":5,"href":"https:\/\/officina-fotografica.de\/en\/wp-json\/wp\/v2\/pages\/17705\/revisions"}],"predecessor-version":[{"id":17722,"href":"https:\/\/officina-fotografica.de\/en\/wp-json\/wp\/v2\/pages\/17705\/revisions\/17722"}],"up":[{"embeddable":true,"href":"https:\/\/officina-fotografica.de\/en\/wp-json\/wp\/v2\/pages\/17695"}],"wp:attachment":[{"href":"https:\/\/officina-fotografica.de\/en\/wp-json\/wp\/v2\/media?parent=17705"}],"curies":[{"name":"wp","href":"https:\/\/api.w.org\/{rel}","templated":true}]}}