{"id":17716,"date":"2017-08-02T19:38:08","date_gmt":"2017-08-02T17:38:08","guid":{"rendered":"https:\/\/officina-fotografica.de\/products\/giclee-fineart-druck\/"},"modified":"2023-05-12T15:33:44","modified_gmt":"2023-05-12T13:33:44","slug":"giclee-fineart-print","status":"publish","type":"page","link":"https:\/\/officina-fotografica.de\/en\/products\/giclee-fineart-print\/","title":{"rendered":"Gicl\u00e9e fineart print"},"content":{"rendered":"<div class=\"wpb-content-wrapper\"><p>[vc_row css_animation=&#8221;&#8221; row_type=&#8221;row&#8221; use_row_as_full_screen_section=&#8221;no&#8221; type=&#8221;full_width&#8221; angled_section=&#8221;no&#8221; text_align=&#8221;left&#8221; background_image_as_pattern=&#8221;without_pattern&#8221;][vc_column][vc_single_image image=&#8221;16082&#8243; img_size=&#8221;full&#8221; style=&#8221;vc_box_border&#8221; qode_css_animation=&#8221;&#8221;][\/vc_column][\/vc_row][vc_row css_animation=&#8221;&#8221; row_type=&#8221;row&#8221; use_row_as_full_screen_section=&#8221;no&#8221; type=&#8221;full_width&#8221; angled_section=&#8221;no&#8221; text_align=&#8221;left&#8221; background_image_as_pattern=&#8221;without_pattern&#8221;][vc_column css=&#8221;.vc_custom_1501691785563{padding-right: 20px !important;}&#8221;][vc_empty_space height=&#8221;40px&#8221;][vc_column_text css=&#8221;.vc_custom_1645101404022{padding-right: 20px !important;}&#8221;]<\/p>\n<h1>Gicl\u00e9e printing \u2013 fine art in museum quality<\/h1>\n<p>Gicl\u00e9e refers to screenless inkjet printing with pigment ink. We exclusively use inks for our Gicl\u00e9e FineArt prints based on lightfast pigments.<br \/>\nIn addition to the basic colours CMY, we use many light additional colours for photo-realistic results and smooth transitions and up to 4 different black tones for intense depths.<\/p>\n<h2>WHAT CAN YOU EXPECT FROM OUR GICL\u00c9E FINEART PRINTS?<\/h2>\n<p>A gicl\u00e9e print promises photorealistic results with maximum colour gamut coverage and detail accuracy. We set the highest standards for the material we use to print your photos. Your FineArt prints are produced using the latest printing techniques with pigmented, environmentally friendly inks.<\/p>\n<p>Our inks (EPSON \u00aePRO Ink) are certified in combination with, e.g., HAHNEM\u00dcHLE materials. The combination of high-quality gicl\u00e9e printing paper and pigment ink ensures durability for up to 200 years (Wilhem Research, USA).<\/p>\n<h2>WHICH MACHINES AND PAPERS ARE USED FOR YOUR GICL\u00c9E FINEART PRINT?<\/h2>\n<p>All gicl\u00e9e prints are produced on EPSON printers of the latest generation (PrecisionCore\u2122 Micro TFP printhead) for a maximum width of up to 160 cm. With our printers, we achieve a minimum droplet size of 3.5 pl and a print resolution of 2,400 x 1,200 dpi. For an optimal print result, a high resolution of your photo is not necessarily an essential requirement; however, the higher the resolution, the more impressive the end result.<\/p>\n<p>We offer you a variety of different artist papers. You can choose between glossy, smooth, or structured surfaces. We can also print your FineArt print on canvas.<br \/>\nFor the very special print, we have Hahnem\u00fchle Natural Line papers in our range. This collection includes unique FineArt papers made from sustainable raw materials such as bamboo, hemp, or agave.<br \/>\nYou can get an overview of the countless design possibilities for your Gicl\u00e9e print in our online order!<\/p>\n<h2>THE LAMINATION OF GICL\u00c9E PRINTS<\/h2>\n<p>On request, we can finish a large variety of our papers with silicone under acrylic glass and museum glass.[\/vc_column_text][vc_empty_space height=&#8221;24px&#8221;][vc_column_text]At Officina Fotografica, we can look back on years of experience in the photo lab industry and stand for individual customisation and handcraft. We are your experts for the realisation of high-resolution gicl\u00e9e photo prints.<\/p>\n<p>We at Officina Fotografica look forward to your enquiry and will be happy to advise you![\/vc_column_text][vc_empty_space height=&#8221;60px&#8221;][vc_tabs style=&#8221;boxed&#8221;][vc_tab title=&#8221;HAHNEM\u00dcHLE&#8221; tab_id=&#8221;e14da6ba-dd19-1&#8243;][vc_column_text]<\/p>\n<div id=\"tab1\" class=\"tab-content\">\n<ul class=\"check arrow\">\n<li>PhotoRag 188 g and 308 g (up to 111 cm width)<\/li>\n<li>PhotoRag 305 g (up to 160 cm width) 100% rag paper, bright white, smooth matt<\/li>\n<li>PhotoRag Baryta 315 g (up to 160 cm width) 100% cotton, white, high-gloss finish<\/li>\n<li>Baryta FB 350 g (up to 150 cm width) 100% \u03b1-cellulose, bright white, high-gloss finish<\/li>\n<li>William Turner 190 g and 310 g (up to 111 cm width) 100% rag, natural white, textured matt<\/li>\n<li>German Etching 310 g (up to 111 cm width) 100% \u03b1-cellulose, white<\/li>\n<li>Bamboo 290 g (up to 111 cm width) 90% bamboo fibres, 10% cotton, natural white<\/li>\n<li>FineArt Pearl 285 g (up to 111 cm width) 100% \u03b1-Cellulose, bright white, pearl finish<\/li>\n<li>Canvas Artist 340\u00a0g (up to 150\u00a0cm width) Poly-cotton, natural white<\/li>\n<\/ul>\n<\/div>\n<p>[\/vc_column_text][\/vc_tab][vc_tab title=&#8221;MUSEO Paper&#8221; tab_id=&#8221;a2ed69c6-5006-6&#8243;][vc_column_text]Matt Cotton Smooth 300\u00a0g (up to 150\u00a0cm width) 100% cotton, white, matt[\/vc_column_text][\/vc_tab][vc_tab title=&#8221;EPSON&#8221; tab_id=&#8221;1503723109070-2-2&#8243;][vc_column_text]<\/p>\n<div id=\"tab3\" class=\"tab-content\">\n<ul class=\"arrow\">\n<li>Traditional Photo Paper 300 g (up to 160 cm width) acid- and lignin-free, microporous, smooth, satin finish<\/li>\n<li>Epson Enhanced Matte Paper 190\u00a0g (up to 160\u00a0cm width) bright white, mattcoated<\/li>\n<\/ul>\n<\/div>\n<p>[\/vc_column_text][\/vc_tab][vc_tab title=&#8221;PHOTO PAPER&#8221; tab_id=&#8221;1503723130547-3-2&#8243;][vc_column_text]<\/p>\n<ul>\n<li>BonJet Glass &amp; Pearl 250 g (up to 150 cm width) nanoporous, glossy or semi-matt surface, optically &amp; haptically like photo paper<\/li>\n<li><strong>Metallic Paper 260 g \u2013 metallic high-gloss, bright white \u2013 THE alternative to chemically developed metallic photo paper<\/strong><\/li>\n<\/ul>\n<p>[\/vc_column_text][\/vc_tab][vc_tab title=&#8221;SLIDE MATERIAL&#8221; tab_id=&#8221;1503723149212-4-2&#8243;][vc_column_text]<\/p>\n<ul>\n<li>Translucent film 0.125 mm thick (up to 150\u00a0cm width) clear transparent polyester film with nanoporous coating \u2013 <strong>THE alternative to conventional Duraclear\/Duratrans film<\/strong><\/li>\n<\/ul>\n<p>[\/vc_column_text][\/vc_tab][\/vc_tabs][vc_empty_space height=&#8221;60px&#8221;]<a  itemprop=\"url\" href=\"https:\/\/officina-fotografica.de\/en\/products\/\" target=\"_self\" data-hover-background-color=\"#e10d49\" class=\"qbutton  medium default\" style=\"\">BACK TO PRODUCT OVERVIEW<\/a>[vc_empty_space height=&#8221;60px&#8221;][\/vc_column][\/vc_row]<\/p>\n<\/div>","protected":false},"excerpt":{"rendered":"<p>[vc_row css_animation=&#8221;&#8221; row_type=&#8221;row&#8221; use_row_as_full_screen_section=&#8221;no&#8221; type=&#8221;full_width&#8221; angled_section=&#8221;no&#8221; text_align=&#8221;left&#8221; background_image_as_pattern=&#8221;without_pattern&#8221;][vc_column][vc_single_image image=&#8221;16082&#8243; img_size=&#8221;full&#8221; style=&#8221;vc_box_border&#8221; qode_css_animation=&#8221;&#8221;][\/vc_column][\/vc_row][vc_row css_animation=&#8221;&#8221; row_type=&#8221;row&#8221; use_row_as_full_screen_section=&#8221;no&#8221; type=&#8221;full_width&#8221; angled_section=&#8221;no&#8221; text_align=&#8221;left&#8221; background_image_as_pattern=&#8221;without_pattern&#8221;][vc_column css=&#8221;.vc_custom_1501691785563{padding-right: 20px !important;}&#8221;][vc_empty_space height=&#8221;40px&#8221;][vc_column_text css=&#8221;.vc_custom_1645101404022{padding-right: 20px !important;}&#8221;] Gicl\u00e9e printing \u2013 fine art in museum quality Gicl\u00e9e refers to screenless inkjet printing with pigment ink. We exclusively&#8230;<\/p>","protected":false},"author":8,"featured_media":0,"parent":17695,"menu_order":40,"comment_status":"closed","ping_status":"closed","template":"","meta":{"footnotes":""},"class_list":["post-17716","page","type-page","status-publish","hentry"],"yoast_head":"<!-- This site is optimized with the Yoast SEO plugin v27.4 - https:\/\/yoast.com\/product\/yoast-seo-wordpress\/ -->\n<title>Gicl\u00e9e fineart print - Officina Fotografica GmbH | OF Fine Art<\/title>\n<meta name=\"description\" content=\"Gicl\u00e9e FineArt Druck f\u00fcr K\u00fcnstler &amp; Fotografen. Profitieren Sie von jahrelanger Expertise in der Fotolaborbranche. Wir beraten Sie gerne!\u00a0\" \/>\n<meta name=\"robots\" content=\"index, follow, max-snippet:-1, max-image-preview:large, max-video-preview:-1\" \/>\n<link rel=\"canonical\" href=\"https:\/\/officina-fotografica.de\/en\/products\/giclee-fineart-print\/\" \/>\n<meta property=\"og:locale\" content=\"en_US\" \/>\n<meta property=\"og:type\" content=\"article\" \/>\n<meta property=\"og:title\" content=\"Gicl\u00e9e fineart print - Officina Fotografica GmbH | OF Fine Art\" \/>\n<meta property=\"og:description\" content=\"Gicl\u00e9e FineArt Druck f\u00fcr K\u00fcnstler &amp; Fotografen. Profitieren Sie von jahrelanger Expertise in der Fotolaborbranche. Wir beraten Sie gerne!\u00a0\" \/>\n<meta property=\"og:url\" content=\"https:\/\/officina-fotografica.de\/en\/products\/giclee-fineart-print\/\" \/>\n<meta property=\"og:site_name\" content=\"Officina Fotografica GmbH | OF Fine Art\" \/>\n<meta property=\"article:modified_time\" content=\"2023-05-12T13:33:44+00:00\" \/>\n<meta name=\"twitter:card\" content=\"summary_large_image\" \/>\n<meta name=\"twitter:label1\" content=\"Est. reading time\" \/>\n\t<meta name=\"twitter:data1\" content=\"3 minutes\" \/>\n<script type=\"application\/ld+json\" class=\"yoast-schema-graph\">{\"@context\":\"https:\\\/\\\/schema.org\",\"@graph\":[{\"@type\":\"WebPage\",\"@id\":\"https:\\\/\\\/officina-fotografica.de\\\/en\\\/products\\\/giclee-fineart-print\\\/\",\"url\":\"https:\\\/\\\/officina-fotografica.de\\\/en\\\/products\\\/giclee-fineart-print\\\/\",\"name\":\"Gicl\u00e9e fineart print - Officina Fotografica GmbH | OF Fine Art\",\"isPartOf\":{\"@id\":\"https:\\\/\\\/officina-fotografica.de\\\/en\\\/#website\"},\"datePublished\":\"2017-08-02T17:38:08+00:00\",\"dateModified\":\"2023-05-12T13:33:44+00:00\",\"description\":\"Gicl\u00e9e FineArt Druck f\u00fcr K\u00fcnstler & Fotografen. Profitieren Sie von jahrelanger Expertise in der Fotolaborbranche. Wir beraten Sie gerne!\u00a0\",\"breadcrumb\":{\"@id\":\"https:\\\/\\\/officina-fotografica.de\\\/en\\\/products\\\/giclee-fineart-print\\\/#breadcrumb\"},\"inLanguage\":\"en-US\",\"potentialAction\":[{\"@type\":\"ReadAction\",\"target\":[\"https:\\\/\\\/officina-fotografica.de\\\/en\\\/products\\\/giclee-fineart-print\\\/\"]}]},{\"@type\":\"BreadcrumbList\",\"@id\":\"https:\\\/\\\/officina-fotografica.de\\\/en\\\/products\\\/giclee-fineart-print\\\/#breadcrumb\",\"itemListElement\":[{\"@type\":\"ListItem\",\"position\":1,\"name\":\"Home page\",\"item\":\"https:\\\/\\\/officina-fotografica.de\\\/en\\\/home\\\/\"},{\"@type\":\"ListItem\",\"position\":2,\"name\":\"Products\",\"item\":\"https:\\\/\\\/officina-fotografica.de\\\/en\\\/products\\\/\"},{\"@type\":\"ListItem\",\"position\":3,\"name\":\"Gicl\u00e9e fineart print\"}]},{\"@type\":\"WebSite\",\"@id\":\"https:\\\/\\\/officina-fotografica.de\\\/en\\\/#website\",\"url\":\"https:\\\/\\\/officina-fotografica.de\\\/en\\\/\",\"name\":\"Officina Fotografica GmbH | OF Fine Art\",\"description\":\"Die Bilderwerkstatt in M\u00fcnchen\",\"potentialAction\":[{\"@type\":\"SearchAction\",\"target\":{\"@type\":\"EntryPoint\",\"urlTemplate\":\"https:\\\/\\\/officina-fotografica.de\\\/en\\\/?s={search_term_string}\"},\"query-input\":{\"@type\":\"PropertyValueSpecification\",\"valueRequired\":true,\"valueName\":\"search_term_string\"}}],\"inLanguage\":\"en-US\"}]}<\/script>\n<!-- \/ Yoast SEO plugin. -->","yoast_head_json":{"title":"Gicl\u00e9e fineart print - Officina Fotografica GmbH | OF Fine Art","description":"Gicl\u00e9e FineArt Druck f\u00fcr K\u00fcnstler & Fotografen. Profitieren Sie von jahrelanger Expertise in der Fotolaborbranche. Wir beraten Sie gerne!\u00a0","robots":{"index":"index","follow":"follow","max-snippet":"max-snippet:-1","max-image-preview":"max-image-preview:large","max-video-preview":"max-video-preview:-1"},"canonical":"https:\/\/officina-fotografica.de\/en\/products\/giclee-fineart-print\/","og_locale":"en_US","og_type":"article","og_title":"Gicl\u00e9e fineart print - Officina Fotografica GmbH | OF Fine Art","og_description":"Gicl\u00e9e FineArt Druck f\u00fcr K\u00fcnstler & Fotografen. Profitieren Sie von jahrelanger Expertise in der Fotolaborbranche. Wir beraten Sie gerne!\u00a0","og_url":"https:\/\/officina-fotografica.de\/en\/products\/giclee-fineart-print\/","og_site_name":"Officina Fotografica GmbH | OF Fine Art","article_modified_time":"2023-05-12T13:33:44+00:00","twitter_card":"summary_large_image","twitter_misc":{"Est. reading time":"3 minutes"},"schema":{"@context":"https:\/\/schema.org","@graph":[{"@type":"WebPage","@id":"https:\/\/officina-fotografica.de\/en\/products\/giclee-fineart-print\/","url":"https:\/\/officina-fotografica.de\/en\/products\/giclee-fineart-print\/","name":"Gicl\u00e9e fineart print - Officina Fotografica GmbH | OF Fine Art","isPartOf":{"@id":"https:\/\/officina-fotografica.de\/en\/#website"},"datePublished":"2017-08-02T17:38:08+00:00","dateModified":"2023-05-12T13:33:44+00:00","description":"Gicl\u00e9e FineArt Druck f\u00fcr K\u00fcnstler & Fotografen. Profitieren Sie von jahrelanger Expertise in der Fotolaborbranche. Wir beraten Sie gerne!\u00a0","breadcrumb":{"@id":"https:\/\/officina-fotografica.de\/en\/products\/giclee-fineart-print\/#breadcrumb"},"inLanguage":"en-US","potentialAction":[{"@type":"ReadAction","target":["https:\/\/officina-fotografica.de\/en\/products\/giclee-fineart-print\/"]}]},{"@type":"BreadcrumbList","@id":"https:\/\/officina-fotografica.de\/en\/products\/giclee-fineart-print\/#breadcrumb","itemListElement":[{"@type":"ListItem","position":1,"name":"Home page","item":"https:\/\/officina-fotografica.de\/en\/home\/"},{"@type":"ListItem","position":2,"name":"Products","item":"https:\/\/officina-fotografica.de\/en\/products\/"},{"@type":"ListItem","position":3,"name":"Gicl\u00e9e fineart print"}]},{"@type":"WebSite","@id":"https:\/\/officina-fotografica.de\/en\/#website","url":"https:\/\/officina-fotografica.de\/en\/","name":"Officina Fotografica GmbH | OF Fine Art","description":"Die Bilderwerkstatt in M\u00fcnchen","potentialAction":[{"@type":"SearchAction","target":{"@type":"EntryPoint","urlTemplate":"https:\/\/officina-fotografica.de\/en\/?s={search_term_string}"},"query-input":{"@type":"PropertyValueSpecification","valueRequired":true,"valueName":"search_term_string"}}],"inLanguage":"en-US"}]}},"_links":{"self":[{"href":"https:\/\/officina-fotografica.de\/en\/wp-json\/wp\/v2\/pages\/17716","targetHints":{"allow":["GET"]}}],"collection":[{"href":"https:\/\/officina-fotografica.de\/en\/wp-json\/wp\/v2\/pages"}],"about":[{"href":"https:\/\/officina-fotografica.de\/en\/wp-json\/wp\/v2\/types\/page"}],"author":[{"embeddable":true,"href":"https:\/\/officina-fotografica.de\/en\/wp-json\/wp\/v2\/users\/8"}],"replies":[{"embeddable":true,"href":"https:\/\/officina-fotografica.de\/en\/wp-json\/wp\/v2\/comments?post=17716"}],"version-history":[{"count":4,"href":"https:\/\/officina-fotografica.de\/en\/wp-json\/wp\/v2\/pages\/17716\/revisions"}],"predecessor-version":[{"id":17717,"href":"https:\/\/officina-fotografica.de\/en\/wp-json\/wp\/v2\/pages\/17716\/revisions\/17717"}],"up":[{"embeddable":true,"href":"https:\/\/officina-fotografica.de\/en\/wp-json\/wp\/v2\/pages\/17695"}],"wp:attachment":[{"href":"https:\/\/officina-fotografica.de\/en\/wp-json\/wp\/v2\/media?parent=17716"}],"curies":[{"name":"wp","href":"https:\/\/api.w.org\/{rel}","templated":true}]}}