{"id":17732,"date":"2017-08-26T06:09:31","date_gmt":"2017-08-26T04:09:31","guid":{"rendered":"https:\/\/officina-fotografica.de\/products\/canvas-leinwand\/"},"modified":"2023-05-12T15:36:26","modified_gmt":"2023-05-12T13:36:26","slug":"giclee-on-canvas","status":"publish","type":"page","link":"https:\/\/officina-fotografica.de\/en\/products\/giclee-on-canvas\/","title":{"rendered":"Gicl\u00e9e on canvas"},"content":{"rendered":"<div class=\"wpb-content-wrapper\"><p>[vc_row css_animation=&#8221;&#8221; row_type=&#8221;row&#8221; use_row_as_full_screen_section=&#8221;no&#8221; type=&#8221;full_width&#8221; angled_section=&#8221;no&#8221; text_align=&#8221;left&#8221; background_image_as_pattern=&#8221;without_pattern&#8221;][vc_column][vc_single_image image=&#8221;16079&#8243; img_size=&#8221;full&#8221; qode_css_animation=&#8221;&#8221;][\/vc_column][\/vc_row][vc_row css_animation=&#8221;&#8221; row_type=&#8221;row&#8221; use_row_as_full_screen_section=&#8221;no&#8221; type=&#8221;full_width&#8221; angled_section=&#8221;no&#8221; text_align=&#8221;left&#8221; background_image_as_pattern=&#8221;without_pattern&#8221;][vc_column css=&#8221;.vc_custom_1501691785563{padding-right: 20px !important;}&#8221;][vc_empty_space height=&#8221;40px&#8221;][vc_column_text css=&#8221;.vc_custom_1645103740183{padding-right: 20px !important;}&#8221;]<\/p>\n<h1>HIGH-QUALITY GICL\u00c9E PRINT ON CANVAS &#8211; INDIVIDUAL CHARACTER FOR EACH ARTWORK<\/h1>\n<p>Printing on canvas is a popular way to give artworks that certain something. The unique texture of the linen is retained despite the print, presents the colours in a certain depth, and does not create disturbing reflections.<\/p>\n<p>At Officina Fotografica, as a certified FineArt Printing Studio, we use only natural linen for our gicl\u00e9e pigment printing on canvas and guarantee a high-quality print with fresh colours and high-contrast black and white reproduction.<\/p>\n<h2>HIGH-END GICL\u00c9E PIGMENT PRINTING ON HIGH-QUALITY NATURAL CANVAS<\/h2>\n<p>The high-end canvas print is ideal for exhibitions, interior design, or a high-quality presentation in a shadow gap frame.<br \/>\nThe sensitive surface of the canvas is always treated with HAHNEM\u00dcHLE fixative spray. On individual request, we can also provide this print with a matt, semi-matt, or glossy varnish \u2013 just like \u2018the old masters\u2019.<\/p>\n<p>We adapt the design of the edges to your wishes: The edges of the motif can remain unprinted or be printed in a colour of your choice, extended, or mirrored.<\/p>\n<p>We offer canvas printing with latex ink as a more cost-effective alternative to gicl\u00e9e printing on natural canvas. We apply your image to a polyesterblended fabric in a canvas look with a matt or glossy surface using an HP latex printer.<\/p>\n<h2>WHAT ARE THE ADVANTAGES OF GICL\u00c9E PRINTING ON CANVAS?<\/h2>\n<p>Gicl\u00e9e on canvas is ideal for art reproductions as well as for high-quality photo prints.<\/p>\n<p>Due to their unique texture, prints on canvas do not show any disruptive reflections that could detract from the effect of your image. Instead, the gicl\u00e9e canvas print brings the colours to life and creates a high-contrast black and white reproduction.<\/p>\n<h2>GICL\u00c9E CANVAS PRINT IN YOUR DESIRED FORMAT<\/h2>\n<p>We are not limited to standard sizes but can produce your desired format to centimetre precision. Due to the real wooden stretcher frame, we recommend a minimum format of 24\u00d730 cm. The maximum format is limited to 150 cm on the narrow side of the motif due to the width of the roll.<\/p>\n<p>After printing, the picture is mounted on a spruce wood stretcher frame with a frame thickness of 2 or 4.5 cm \u2013 and your work of art is ready to be hung up.<\/p>\n<p>Simply ask us for your individual desired format for your print!<\/p>\n<h2>GICL\u00c9E ON CANVAS \u2013 OUR SERVICES AT A GLANCE<\/h2>\n<ul>\n<li>Use of natural linen<\/li>\n<li>Gicl\u00e9e printing with inks based on lightfast pigments<\/li>\n<li>Protection of your pigment print with Hahnem\u00fchle fixative spray<\/li>\n<li>On request, we can provide the gicl\u00e9e print with a matt, semi-matt, or glossy varnish<\/li>\n<li>Design of the motif edges as desired<\/li>\n<li>The mounting takes place on a spruce wood stretcher frame with a depth of 2 or 4.5 cm.<\/li>\n<li>Production of your desired format accurate to the centimetre<\/li>\n<li>Your gicl\u00e9e canvas print reaches you ready to be hung up<\/li>\n<\/ul>\n<h2>ALTERNATIVES TO A GICL\u00c9E CANVAS PRINT<\/h2>\n<p>Tastes are different, and the future location of your print may have specific requirements. Of course, we offer you various possibilities to skilfully stage your Gicl\u00e9e FineArt print.<br \/>\nIn addition to the canvas print, we also offer, for example, lamination under acrylic glass, professional lamination under white or museum glass, or lamination on an Alu-Dibond carrier panel. The latter even allows you to use your work outdoors without any worries.[\/vc_column_text][vc_empty_space height=&#8221;36px&#8221;][vc_column_text]At Officina Fotografica, we can look back on years of experience in the photo lab industry and stand for individual customisation and handwork.<\/p>\n<p>We look forward to your enquiry and will be happy to advise you![\/vc_column_text][vc_empty_space height=&#8221;60px&#8221;]<a  itemprop=\"url\" href=\"https:\/\/officina-fotografica.de\/en\/products\/\" target=\"_self\" data-hover-background-color=\"#e10d49\" class=\"qbutton  medium default\" style=\"\"> BACK TO PRODUCT OVERVIEW<\/a>[vc_empty_space height=&#8221;60px&#8221;][\/vc_column][\/vc_row]<\/p>\n<\/div>","protected":false},"excerpt":{"rendered":"<p>[vc_row css_animation=&#8221;&#8221; row_type=&#8221;row&#8221; use_row_as_full_screen_section=&#8221;no&#8221; type=&#8221;full_width&#8221; angled_section=&#8221;no&#8221; text_align=&#8221;left&#8221; background_image_as_pattern=&#8221;without_pattern&#8221;][vc_column][vc_single_image image=&#8221;16079&#8243; img_size=&#8221;full&#8221; qode_css_animation=&#8221;&#8221;][\/vc_column][\/vc_row][vc_row css_animation=&#8221;&#8221; row_type=&#8221;row&#8221; use_row_as_full_screen_section=&#8221;no&#8221; type=&#8221;full_width&#8221; angled_section=&#8221;no&#8221; text_align=&#8221;left&#8221; background_image_as_pattern=&#8221;without_pattern&#8221;][vc_column css=&#8221;.vc_custom_1501691785563{padding-right: 20px !important;}&#8221;][vc_empty_space height=&#8221;40px&#8221;][vc_column_text css=&#8221;.vc_custom_1645103740183{padding-right: 20px !important;}&#8221;] HIGH-QUALITY GICL\u00c9E PRINT ON CANVAS &#8211; INDIVIDUAL CHARACTER FOR EACH ARTWORK Printing on canvas is a popular way to give&#8230;<\/p>","protected":false},"author":8,"featured_media":0,"parent":17695,"menu_order":70,"comment_status":"closed","ping_status":"closed","template":"","meta":{"footnotes":""},"class_list":["post-17732","page","type-page","status-publish","hentry"],"yoast_head":"<!-- This site is optimized with the Yoast SEO plugin v27.5 - https:\/\/yoast.com\/product\/yoast-seo-wordpress\/ -->\n<title>Gicl\u00e9e on canvas - Officina Fotografica GmbH | OF Fine Art<\/title>\n<meta name=\"description\" content=\"Gicl\u00e9e auf Leinwand - Inszenieren Sie Ihre Werke auf Naturleinen mit hochwertigem Gicl\u00e9e-Druck. Wir erf\u00fcllen Ihre W\u00fcnsche in Ma\u00df- und Handarbeit!\" \/>\n<meta name=\"robots\" content=\"index, follow, max-snippet:-1, max-image-preview:large, max-video-preview:-1\" \/>\n<link rel=\"canonical\" href=\"https:\/\/officina-fotografica.de\/en\/products\/giclee-on-canvas\/\" \/>\n<meta property=\"og:locale\" content=\"en_US\" \/>\n<meta property=\"og:type\" content=\"article\" \/>\n<meta property=\"og:title\" content=\"Gicl\u00e9e on canvas - Officina Fotografica GmbH | OF Fine Art\" \/>\n<meta property=\"og:description\" content=\"Gicl\u00e9e auf Leinwand - Inszenieren Sie Ihre Werke auf Naturleinen mit hochwertigem Gicl\u00e9e-Druck. Wir erf\u00fcllen Ihre W\u00fcnsche in Ma\u00df- und Handarbeit!\" \/>\n<meta property=\"og:url\" content=\"https:\/\/officina-fotografica.de\/en\/products\/giclee-on-canvas\/\" \/>\n<meta property=\"og:site_name\" content=\"Officina Fotografica GmbH | OF Fine Art\" \/>\n<meta property=\"article:modified_time\" content=\"2023-05-12T13:36:26+00:00\" \/>\n<meta name=\"twitter:card\" content=\"summary_large_image\" \/>\n<meta name=\"twitter:label1\" content=\"Est. reading time\" \/>\n\t<meta name=\"twitter:data1\" content=\"3 minutes\" \/>\n<script type=\"application\/ld+json\" class=\"yoast-schema-graph\">{\"@context\":\"https:\\\/\\\/schema.org\",\"@graph\":[{\"@type\":\"WebPage\",\"@id\":\"https:\\\/\\\/officina-fotografica.de\\\/en\\\/products\\\/giclee-on-canvas\\\/\",\"url\":\"https:\\\/\\\/officina-fotografica.de\\\/en\\\/products\\\/giclee-on-canvas\\\/\",\"name\":\"Gicl\u00e9e on canvas - Officina Fotografica GmbH | OF Fine Art\",\"isPartOf\":{\"@id\":\"https:\\\/\\\/officina-fotografica.de\\\/en\\\/#website\"},\"datePublished\":\"2017-08-26T04:09:31+00:00\",\"dateModified\":\"2023-05-12T13:36:26+00:00\",\"description\":\"Gicl\u00e9e auf Leinwand - Inszenieren Sie Ihre Werke auf Naturleinen mit hochwertigem Gicl\u00e9e-Druck. Wir erf\u00fcllen Ihre W\u00fcnsche in Ma\u00df- und Handarbeit!\",\"breadcrumb\":{\"@id\":\"https:\\\/\\\/officina-fotografica.de\\\/en\\\/products\\\/giclee-on-canvas\\\/#breadcrumb\"},\"inLanguage\":\"en-US\",\"potentialAction\":[{\"@type\":\"ReadAction\",\"target\":[\"https:\\\/\\\/officina-fotografica.de\\\/en\\\/products\\\/giclee-on-canvas\\\/\"]}]},{\"@type\":\"BreadcrumbList\",\"@id\":\"https:\\\/\\\/officina-fotografica.de\\\/en\\\/products\\\/giclee-on-canvas\\\/#breadcrumb\",\"itemListElement\":[{\"@type\":\"ListItem\",\"position\":1,\"name\":\"Home page\",\"item\":\"https:\\\/\\\/officina-fotografica.de\\\/en\\\/home\\\/\"},{\"@type\":\"ListItem\",\"position\":2,\"name\":\"Products\",\"item\":\"https:\\\/\\\/officina-fotografica.de\\\/en\\\/products\\\/\"},{\"@type\":\"ListItem\",\"position\":3,\"name\":\"Gicl\u00e9e on canvas\"}]},{\"@type\":\"WebSite\",\"@id\":\"https:\\\/\\\/officina-fotografica.de\\\/en\\\/#website\",\"url\":\"https:\\\/\\\/officina-fotografica.de\\\/en\\\/\",\"name\":\"Officina Fotografica GmbH | OF Fine Art\",\"description\":\"Die Bilderwerkstatt in M\u00fcnchen\",\"potentialAction\":[{\"@type\":\"SearchAction\",\"target\":{\"@type\":\"EntryPoint\",\"urlTemplate\":\"https:\\\/\\\/officina-fotografica.de\\\/en\\\/?s={search_term_string}\"},\"query-input\":{\"@type\":\"PropertyValueSpecification\",\"valueRequired\":true,\"valueName\":\"search_term_string\"}}],\"inLanguage\":\"en-US\"}]}<\/script>\n<!-- \/ Yoast SEO plugin. -->","yoast_head_json":{"title":"Gicl\u00e9e on canvas - Officina Fotografica GmbH | OF Fine Art","description":"Gicl\u00e9e auf Leinwand - Inszenieren Sie Ihre Werke auf Naturleinen mit hochwertigem Gicl\u00e9e-Druck. Wir erf\u00fcllen Ihre W\u00fcnsche in Ma\u00df- und Handarbeit!","robots":{"index":"index","follow":"follow","max-snippet":"max-snippet:-1","max-image-preview":"max-image-preview:large","max-video-preview":"max-video-preview:-1"},"canonical":"https:\/\/officina-fotografica.de\/en\/products\/giclee-on-canvas\/","og_locale":"en_US","og_type":"article","og_title":"Gicl\u00e9e on canvas - Officina Fotografica GmbH | OF Fine Art","og_description":"Gicl\u00e9e auf Leinwand - Inszenieren Sie Ihre Werke auf Naturleinen mit hochwertigem Gicl\u00e9e-Druck. Wir erf\u00fcllen Ihre W\u00fcnsche in Ma\u00df- und Handarbeit!","og_url":"https:\/\/officina-fotografica.de\/en\/products\/giclee-on-canvas\/","og_site_name":"Officina Fotografica GmbH | OF Fine Art","article_modified_time":"2023-05-12T13:36:26+00:00","twitter_card":"summary_large_image","twitter_misc":{"Est. reading time":"3 minutes"},"schema":{"@context":"https:\/\/schema.org","@graph":[{"@type":"WebPage","@id":"https:\/\/officina-fotografica.de\/en\/products\/giclee-on-canvas\/","url":"https:\/\/officina-fotografica.de\/en\/products\/giclee-on-canvas\/","name":"Gicl\u00e9e on canvas - Officina Fotografica GmbH | OF Fine Art","isPartOf":{"@id":"https:\/\/officina-fotografica.de\/en\/#website"},"datePublished":"2017-08-26T04:09:31+00:00","dateModified":"2023-05-12T13:36:26+00:00","description":"Gicl\u00e9e auf Leinwand - Inszenieren Sie Ihre Werke auf Naturleinen mit hochwertigem Gicl\u00e9e-Druck. Wir erf\u00fcllen Ihre W\u00fcnsche in Ma\u00df- und Handarbeit!","breadcrumb":{"@id":"https:\/\/officina-fotografica.de\/en\/products\/giclee-on-canvas\/#breadcrumb"},"inLanguage":"en-US","potentialAction":[{"@type":"ReadAction","target":["https:\/\/officina-fotografica.de\/en\/products\/giclee-on-canvas\/"]}]},{"@type":"BreadcrumbList","@id":"https:\/\/officina-fotografica.de\/en\/products\/giclee-on-canvas\/#breadcrumb","itemListElement":[{"@type":"ListItem","position":1,"name":"Home page","item":"https:\/\/officina-fotografica.de\/en\/home\/"},{"@type":"ListItem","position":2,"name":"Products","item":"https:\/\/officina-fotografica.de\/en\/products\/"},{"@type":"ListItem","position":3,"name":"Gicl\u00e9e on canvas"}]},{"@type":"WebSite","@id":"https:\/\/officina-fotografica.de\/en\/#website","url":"https:\/\/officina-fotografica.de\/en\/","name":"Officina Fotografica GmbH | OF Fine Art","description":"Die Bilderwerkstatt in M\u00fcnchen","potentialAction":[{"@type":"SearchAction","target":{"@type":"EntryPoint","urlTemplate":"https:\/\/officina-fotografica.de\/en\/?s={search_term_string}"},"query-input":{"@type":"PropertyValueSpecification","valueRequired":true,"valueName":"search_term_string"}}],"inLanguage":"en-US"}]}},"_links":{"self":[{"href":"https:\/\/officina-fotografica.de\/en\/wp-json\/wp\/v2\/pages\/17732","targetHints":{"allow":["GET"]}}],"collection":[{"href":"https:\/\/officina-fotografica.de\/en\/wp-json\/wp\/v2\/pages"}],"about":[{"href":"https:\/\/officina-fotografica.de\/en\/wp-json\/wp\/v2\/types\/page"}],"author":[{"embeddable":true,"href":"https:\/\/officina-fotografica.de\/en\/wp-json\/wp\/v2\/users\/8"}],"replies":[{"embeddable":true,"href":"https:\/\/officina-fotografica.de\/en\/wp-json\/wp\/v2\/comments?post=17732"}],"version-history":[{"count":2,"href":"https:\/\/officina-fotografica.de\/en\/wp-json\/wp\/v2\/pages\/17732\/revisions"}],"predecessor-version":[{"id":17734,"href":"https:\/\/officina-fotografica.de\/en\/wp-json\/wp\/v2\/pages\/17732\/revisions\/17734"}],"up":[{"embeddable":true,"href":"https:\/\/officina-fotografica.de\/en\/wp-json\/wp\/v2\/pages\/17695"}],"wp:attachment":[{"href":"https:\/\/officina-fotografica.de\/en\/wp-json\/wp\/v2\/media?parent=17732"}],"curies":[{"name":"wp","href":"https:\/\/api.w.org\/{rel}","templated":true}]}}