{"id":17773,"date":"2022-02-17T16:09:13","date_gmt":"2022-02-17T15:09:13","guid":{"rendered":"https:\/\/officina-fotografica.de\/products\/repro-fotografie\/"},"modified":"2023-05-12T13:11:53","modified_gmt":"2023-05-12T11:11:53","slug":"high-end-reproduction","status":"publish","type":"page","link":"https:\/\/officina-fotografica.de\/en\/products\/high-end-reproduction\/","title":{"rendered":"Reprography of artworks"},"content":{"rendered":"<div class=\"wpb-content-wrapper\"><p>[vc_row css_animation=&#8221;&#8221; row_type=&#8221;row&#8221; use_row_as_full_screen_section=&#8221;no&#8221; type=&#8221;full_width&#8221; angled_section=&#8221;no&#8221; text_align=&#8221;left&#8221; background_image_as_pattern=&#8221;without_pattern&#8221;][vc_column][vc_single_image image=&#8221;16070&#8243; img_size=&#8221;full&#8221; qode_css_animation=&#8221;&#8221;][\/vc_column][\/vc_row][vc_row css_animation=&#8221;&#8221; row_type=&#8221;row&#8221; use_row_as_full_screen_section=&#8221;no&#8221; type=&#8221;full_width&#8221; angled_section=&#8221;no&#8221; text_align=&#8221;left&#8221; background_image_as_pattern=&#8221;without_pattern&#8221;][vc_column css=&#8221;.vc_custom_1501691785563{padding-right: 20px !important;}&#8221;][vc_empty_space height=&#8221;40px&#8221;][vc_column_text css=&#8221;.vc_custom_1683889905808{padding-right: 20px !important;}&#8221;]<\/p>\n<h1>DIGITAL REPROGRAPHY FOR ARTISTS, ART COLLECTIONS, GALLERIES AND MUSEUMS.<\/h1>\n<h2>WE CREATE TRUE TO ORIGINAL DIGITAL IMAGES OF YOUR ARTWORK<\/h2>\n<p>Nothing beats the original. Nevertheless, there are countless applications in which the reproduction of artworks is desired or even necessary. Repro-photography is a method of reproduction technology to faithfully reproduce the artwork at hand. In this way, high-resolution digital images of your templates are created by photographic means, which, in addition, are ideally suited for our Gicl\u00e9e FineArt prints.<\/p>\n<h2>REPRO-PHOTOGRAPHY AT OFFICINA FOTOGRAFICA<\/h2>\n<h3>OPTIMAL ILLUMINATION OF THE ORIGINAL<\/h3>\n<p>We guarantee that the colours and contrasts of your artwork are reproduced as true to the original as possible. To ensure this, we use a repro-table for templates with a format up to DIN A2 on which the original is placed. The object is photographed from above. The camera is mounted on the tripod, and two fixed flashes enable the work to be illuminated evenly and eliminate disturbing reflections on the photograph.<\/p>\n<p>Even large-format paintings up to 120 x 180 cm can be photographed in high-end quality. Various flash systems in the photo studio ensure optimal illumination of the picture objects.<\/p>\n<h2>FAITHFUL COLOUR REPRODUCTION<\/h2>\n<p>We use a colour wedge and a grey wedge for reproduction, which serve as a colour and greyscale reference. This enables us to optimise the colour of the created image for the reprint and guarantees you an authentic colour reproduction of the original.<\/p>\n<p>The amount of data obtained guarantees an excellent quality of the printed product, which meets the high demands of artists, galleries, and museums. With this amount of data, you can, for example, have editions of your template reproduced in any size, format, and on any material. The reproductions are, for instance, ideal for further processing on our FineArt papers from HAHNEM\u00dcHLE.<\/p>\n<h2>REPRODUCTION PHOTOGRAPHY FOR ARTISTS, GALLERIES AND MUSEUMS<\/h2>\n<p>Reproduction photography has many possible applications. In addition to recording the condition of the object and the documentation for a catalogue raisonn\u00e9, reproduced paintings can be used in catalogues and for editions. For instance, artists can have editions of their originals made, which they can then sell \u2013 for example, in other formats.<\/p>\n<p>Of course, we also reproduce works of art for collectors who prefer to hang up a reproduction of their acquired original, as well as gallery owners, museums or auction houses who need to reproduce the object as faithfully as possible in exhibition documents and catalogues.[\/vc_column_text][vc_empty_space height=&#8221;24px&#8221;][vc_column_text]At Officina Fotografica, we can look back on years of experience in the photo lab industry and stand for individual customisation and craftsmanship. We look forward to your enquiry and will be happy to advise you![\/vc_column_text][vc_empty_space height=&#8221;60px&#8221;]<a  itemprop=\"url\" href=\"https:\/\/officina-fotografica.de\/en\/products\/\" target=\"_self\" data-hover-background-color=\"#e10d49\" class=\"qbutton  medium default\" style=\"\">BACK TO PRODUCT OVERVIEW<\/a>[vc_empty_space height=&#8221;60px&#8221;][\/vc_column][\/vc_row]<\/p>\n<\/div>","protected":false},"excerpt":{"rendered":"<p>[vc_row css_animation=&#8221;&#8221; row_type=&#8221;row&#8221; use_row_as_full_screen_section=&#8221;no&#8221; type=&#8221;full_width&#8221; angled_section=&#8221;no&#8221; text_align=&#8221;left&#8221; background_image_as_pattern=&#8221;without_pattern&#8221;][vc_column][vc_single_image image=&#8221;16070&#8243; img_size=&#8221;full&#8221; qode_css_animation=&#8221;&#8221;][\/vc_column][\/vc_row][vc_row css_animation=&#8221;&#8221; row_type=&#8221;row&#8221; use_row_as_full_screen_section=&#8221;no&#8221; type=&#8221;full_width&#8221; angled_section=&#8221;no&#8221; text_align=&#8221;left&#8221; background_image_as_pattern=&#8221;without_pattern&#8221;][vc_column css=&#8221;.vc_custom_1501691785563{padding-right: 20px !important;}&#8221;][vc_empty_space height=&#8221;40px&#8221;][vc_column_text css=&#8221;.vc_custom_1683889905808{padding-right: 20px !important;}&#8221;] DIGITAL REPROGRAPHY FOR ARTISTS, ART COLLECTIONS, GALLERIES AND MUSEUMS. WE CREATE TRUE TO ORIGINAL DIGITAL IMAGES OF YOUR ARTWORK Nothing&#8230;<\/p>","protected":false},"author":8,"featured_media":0,"parent":17695,"menu_order":150,"comment_status":"closed","ping_status":"closed","template":"","meta":{"footnotes":""},"class_list":["post-17773","page","type-page","status-publish","hentry"],"yoast_head":"<!-- This site is optimized with the Yoast SEO plugin v27.4 - https:\/\/yoast.com\/product\/yoast-seo-wordpress\/ -->\n<title>Reprofotografie von Gem\u00e4lden &amp; Kunstwerken - Officina Fotografica GmbH | OF Fine Art<\/title>\n<meta name=\"description\" content=\"Digitale Reprofotografie von Gem\u00e4lden f\u00fcr K\u00fcnstler, Kunstsammlungen, Galerien und Museen. Wir erzeugen originalgetreue digitale Abbilder Ihrer Vorlagen!\" \/>\n<meta name=\"robots\" content=\"index, follow, max-snippet:-1, max-image-preview:large, max-video-preview:-1\" \/>\n<link rel=\"canonical\" href=\"https:\/\/officina-fotografica.de\/en\/products\/high-end-reproduction\/\" \/>\n<meta property=\"og:locale\" content=\"en_US\" \/>\n<meta property=\"og:type\" content=\"article\" \/>\n<meta property=\"og:title\" content=\"Reprofotografie von Gem\u00e4lden &amp; Kunstwerken - Officina Fotografica GmbH | OF Fine Art\" \/>\n<meta property=\"og:description\" content=\"Digitale Reprofotografie von Gem\u00e4lden f\u00fcr K\u00fcnstler, Kunstsammlungen, Galerien und Museen. Wir erzeugen originalgetreue digitale Abbilder Ihrer Vorlagen!\" \/>\n<meta property=\"og:url\" content=\"https:\/\/officina-fotografica.de\/en\/products\/high-end-reproduction\/\" \/>\n<meta property=\"og:site_name\" content=\"Officina Fotografica GmbH | OF Fine Art\" \/>\n<meta property=\"article:modified_time\" content=\"2023-05-12T11:11:53+00:00\" \/>\n<meta name=\"twitter:card\" content=\"summary_large_image\" \/>\n<meta name=\"twitter:label1\" content=\"Est. reading time\" \/>\n\t<meta name=\"twitter:data1\" content=\"3 minutes\" \/>\n<script type=\"application\/ld+json\" class=\"yoast-schema-graph\">{\"@context\":\"https:\\\/\\\/schema.org\",\"@graph\":[{\"@type\":\"WebPage\",\"@id\":\"https:\\\/\\\/officina-fotografica.de\\\/en\\\/products\\\/high-end-reproduction\\\/\",\"url\":\"https:\\\/\\\/officina-fotografica.de\\\/en\\\/products\\\/high-end-reproduction\\\/\",\"name\":\"Reprofotografie von Gem\u00e4lden & Kunstwerken - Officina Fotografica GmbH | OF Fine Art\",\"isPartOf\":{\"@id\":\"https:\\\/\\\/officina-fotografica.de\\\/en\\\/#website\"},\"datePublished\":\"2022-02-17T15:09:13+00:00\",\"dateModified\":\"2023-05-12T11:11:53+00:00\",\"description\":\"Digitale Reprofotografie von Gem\u00e4lden f\u00fcr K\u00fcnstler, Kunstsammlungen, Galerien und Museen. Wir erzeugen originalgetreue digitale Abbilder Ihrer Vorlagen!\",\"breadcrumb\":{\"@id\":\"https:\\\/\\\/officina-fotografica.de\\\/en\\\/products\\\/high-end-reproduction\\\/#breadcrumb\"},\"inLanguage\":\"en-US\",\"potentialAction\":[{\"@type\":\"ReadAction\",\"target\":[\"https:\\\/\\\/officina-fotografica.de\\\/en\\\/products\\\/high-end-reproduction\\\/\"]}]},{\"@type\":\"BreadcrumbList\",\"@id\":\"https:\\\/\\\/officina-fotografica.de\\\/en\\\/products\\\/high-end-reproduction\\\/#breadcrumb\",\"itemListElement\":[{\"@type\":\"ListItem\",\"position\":1,\"name\":\"Home page\",\"item\":\"https:\\\/\\\/officina-fotografica.de\\\/en\\\/home\\\/\"},{\"@type\":\"ListItem\",\"position\":2,\"name\":\"Products\",\"item\":\"https:\\\/\\\/officina-fotografica.de\\\/en\\\/products\\\/\"},{\"@type\":\"ListItem\",\"position\":3,\"name\":\"Reprography of artworks\"}]},{\"@type\":\"WebSite\",\"@id\":\"https:\\\/\\\/officina-fotografica.de\\\/en\\\/#website\",\"url\":\"https:\\\/\\\/officina-fotografica.de\\\/en\\\/\",\"name\":\"Officina Fotografica GmbH | OF Fine Art\",\"description\":\"Die Bilderwerkstatt in M\u00fcnchen\",\"potentialAction\":[{\"@type\":\"SearchAction\",\"target\":{\"@type\":\"EntryPoint\",\"urlTemplate\":\"https:\\\/\\\/officina-fotografica.de\\\/en\\\/?s={search_term_string}\"},\"query-input\":{\"@type\":\"PropertyValueSpecification\",\"valueRequired\":true,\"valueName\":\"search_term_string\"}}],\"inLanguage\":\"en-US\"}]}<\/script>\n<!-- \/ Yoast SEO plugin. -->","yoast_head_json":{"title":"Reprofotografie von Gem\u00e4lden & Kunstwerken - Officina Fotografica GmbH | OF Fine Art","description":"Digitale Reprofotografie von Gem\u00e4lden f\u00fcr K\u00fcnstler, Kunstsammlungen, Galerien und Museen. Wir erzeugen originalgetreue digitale Abbilder Ihrer Vorlagen!","robots":{"index":"index","follow":"follow","max-snippet":"max-snippet:-1","max-image-preview":"max-image-preview:large","max-video-preview":"max-video-preview:-1"},"canonical":"https:\/\/officina-fotografica.de\/en\/products\/high-end-reproduction\/","og_locale":"en_US","og_type":"article","og_title":"Reprofotografie von Gem\u00e4lden & Kunstwerken - Officina Fotografica GmbH | OF Fine Art","og_description":"Digitale Reprofotografie von Gem\u00e4lden f\u00fcr K\u00fcnstler, Kunstsammlungen, Galerien und Museen. Wir erzeugen originalgetreue digitale Abbilder Ihrer Vorlagen!","og_url":"https:\/\/officina-fotografica.de\/en\/products\/high-end-reproduction\/","og_site_name":"Officina Fotografica GmbH | OF Fine Art","article_modified_time":"2023-05-12T11:11:53+00:00","twitter_card":"summary_large_image","twitter_misc":{"Est. reading time":"3 minutes"},"schema":{"@context":"https:\/\/schema.org","@graph":[{"@type":"WebPage","@id":"https:\/\/officina-fotografica.de\/en\/products\/high-end-reproduction\/","url":"https:\/\/officina-fotografica.de\/en\/products\/high-end-reproduction\/","name":"Reprofotografie von Gem\u00e4lden & Kunstwerken - Officina Fotografica GmbH | OF Fine Art","isPartOf":{"@id":"https:\/\/officina-fotografica.de\/en\/#website"},"datePublished":"2022-02-17T15:09:13+00:00","dateModified":"2023-05-12T11:11:53+00:00","description":"Digitale Reprofotografie von Gem\u00e4lden f\u00fcr K\u00fcnstler, Kunstsammlungen, Galerien und Museen. Wir erzeugen originalgetreue digitale Abbilder Ihrer Vorlagen!","breadcrumb":{"@id":"https:\/\/officina-fotografica.de\/en\/products\/high-end-reproduction\/#breadcrumb"},"inLanguage":"en-US","potentialAction":[{"@type":"ReadAction","target":["https:\/\/officina-fotografica.de\/en\/products\/high-end-reproduction\/"]}]},{"@type":"BreadcrumbList","@id":"https:\/\/officina-fotografica.de\/en\/products\/high-end-reproduction\/#breadcrumb","itemListElement":[{"@type":"ListItem","position":1,"name":"Home page","item":"https:\/\/officina-fotografica.de\/en\/home\/"},{"@type":"ListItem","position":2,"name":"Products","item":"https:\/\/officina-fotografica.de\/en\/products\/"},{"@type":"ListItem","position":3,"name":"Reprography of artworks"}]},{"@type":"WebSite","@id":"https:\/\/officina-fotografica.de\/en\/#website","url":"https:\/\/officina-fotografica.de\/en\/","name":"Officina Fotografica GmbH | OF Fine Art","description":"Die Bilderwerkstatt in M\u00fcnchen","potentialAction":[{"@type":"SearchAction","target":{"@type":"EntryPoint","urlTemplate":"https:\/\/officina-fotografica.de\/en\/?s={search_term_string}"},"query-input":{"@type":"PropertyValueSpecification","valueRequired":true,"valueName":"search_term_string"}}],"inLanguage":"en-US"}]}},"_links":{"self":[{"href":"https:\/\/officina-fotografica.de\/en\/wp-json\/wp\/v2\/pages\/17773","targetHints":{"allow":["GET"]}}],"collection":[{"href":"https:\/\/officina-fotografica.de\/en\/wp-json\/wp\/v2\/pages"}],"about":[{"href":"https:\/\/officina-fotografica.de\/en\/wp-json\/wp\/v2\/types\/page"}],"author":[{"embeddable":true,"href":"https:\/\/officina-fotografica.de\/en\/wp-json\/wp\/v2\/users\/8"}],"replies":[{"embeddable":true,"href":"https:\/\/officina-fotografica.de\/en\/wp-json\/wp\/v2\/comments?post=17773"}],"version-history":[{"count":3,"href":"https:\/\/officina-fotografica.de\/en\/wp-json\/wp\/v2\/pages\/17773\/revisions"}],"predecessor-version":[{"id":18034,"href":"https:\/\/officina-fotografica.de\/en\/wp-json\/wp\/v2\/pages\/17773\/revisions\/18034"}],"up":[{"embeddable":true,"href":"https:\/\/officina-fotografica.de\/en\/wp-json\/wp\/v2\/pages\/17695"}],"wp:attachment":[{"href":"https:\/\/officina-fotografica.de\/en\/wp-json\/wp\/v2\/media?parent=17773"}],"curies":[{"name":"wp","href":"https:\/\/api.w.org\/{rel}","templated":true}]}}