{"id":18036,"date":"2021-05-11T16:54:49","date_gmt":"2021-05-11T14:54:49","guid":{"rendered":"https:\/\/officina-fotografica.de\/hahnemuehle\/"},"modified":"2023-05-12T13:23:08","modified_gmt":"2023-05-12T11:23:08","slug":"hahnemuehle","status":"publish","type":"page","link":"https:\/\/officina-fotografica.de\/en\/hahnemuehle\/","title":{"rendered":"Hahnem\u00fchle"},"content":{"rendered":"<div class=\"wpb-content-wrapper\"><p>[vc_row css_animation=&#8221;&#8221; row_type=&#8221;row&#8221; use_row_as_full_screen_section=&#8221;no&#8221; type=&#8221;grid&#8221; angled_section=&#8221;no&#8221; text_align=&#8221;left&#8221; background_image_as_pattern=&#8221;without_pattern&#8221; padding_top=&#8221;60&#8243;][vc_column][vc_column_text css=&#8221;.vc_custom_1620735988489{padding-bottom: 24px !important;}&#8221;]<\/p>\n<h1 style=\"line-height: 44px; font-size: 34px; letter-spacing: 0.2em;\">TURNING IMAGES<br \/>\nINTO <span style=\"color: #e10d49;\">ART<\/span><\/h1>\n<p>[\/vc_column_text][vc_row_inner row_type=&#8221;row&#8221; type=&#8221;full_width&#8221; text_align=&#8221;left&#8221; css_animation=&#8221;&#8221;][vc_column_inner width=&#8221;1\/2&#8243;][vc_column_text]<\/p>\n<h2>Many companies claim to be steeped in tradition.<\/h2>\n<p>[\/vc_column_text][vc_empty_space height=&#8221;24px&#8221;][vc_column_text]But finding a company that is more entitled than us \u2013 the paper manufacturer <a href=\"https:\/\/www.hahnemuehle.com\/en\/index.html\" target=\"_blank\" rel=\"noopener\">Hahnem\u00fchle<\/a>, founded back in 1584 in Dassel, Germany \u2013 to boast this embodiment of reliability, experience and quality will be extremely difficult.<\/p>\n<p>What initially began with handmade writing paper later was complemented by art paper and more recently, the papers for the digital FineArt inkjet print that have been invented by us. <a href=\"https:\/\/www.hahnemuehle.com\/en\/index.html\" target=\"_blank\" rel=\"noopener\">Hahnem\u00fchle<\/a> also develops and produces high-purity papers for technical and life science applications.<\/p>\n<p>Meanwhile, our traditional artist papers still are manufactured according to old recipes from high-quality cellulose and pure spring water. Our paper technologists also are reliable partners for artists, technicians and scientists when it comes to new applications in the artist market and the industry area.<\/p>\n<p>We manufacture exactly according to the requirements of our customers while developing products for new market segments at the same time. Our motto always has been \u2018Quality instead of Quantity\u2019.[\/vc_column_text][vc_separator type=&#8221;small&#8221; position=&#8221;left&#8221; color=&#8221;#e10d49&#8243; up=&#8221;24&#8243; down=&#8221;24&#8243;][vc_column_text]The production, however, has taken place for more than 435 years at the same location \u2013 at the highest quality level with innovation spirit and strong tradition. <a href=\"https:\/\/www.hahnemuehle.com\/en\/index.html\" target=\"_blank\" rel=\"noopener\">Hahnem\u00fchle<\/a> today has subsidiaries in the UK, France, the USA, Singapore and China.[\/vc_column_text][\/vc_column_inner][vc_column_inner width=&#8221;1\/2&#8243;][vc_single_image image=&#8221;17270&#8243; img_size=&#8221;large&#8221; alignment=&#8221;right&#8221; onclick=&#8221;custom_link&#8221; img_link_target=&#8221;_blank&#8221; qode_css_animation=&#8221;&#8221; link=&#8221;https:\/\/www.hahnemuehle.com\/&#8221;][vc_empty_space height=&#8221;60px&#8221;][vc_single_image image=&#8221;17274&#8243; img_size=&#8221;large&#8221; alignment=&#8221;right&#8221; qode_css_animation=&#8221;&#8221;][vc_separator type=&#8221;small&#8221; position=&#8221;left&#8221; color=&#8221;#e10d49&#8243; up=&#8221;30&#8243; down=&#8221;30&#8243;][vc_column_text]Fine Art Gicl\u00e9e Print on <a href=\"https:\/\/www.hahnemuehle.com\/en\/index.html\" target=\"_blank\" rel=\"noopener\">Hahnem\u00fchle<\/a> Natural Line Hemp. Motif by Alessandro Piazza entitled Boccio di papavero. Printed by Officina Fotografica in Munich.[\/vc_column_text][\/vc_column_inner][\/vc_row_inner][\/vc_column][\/vc_row][vc_row css_animation=&#8221;&#8221; row_type=&#8221;row&#8221; use_row_as_full_screen_section=&#8221;no&#8221; type=&#8221;full_width&#8221; angled_section=&#8221;no&#8221; text_align=&#8221;left&#8221; background_image_as_pattern=&#8221;without_pattern&#8221;][vc_column][vc_empty_space height=&#8221;60px&#8221;][\/vc_column][\/vc_row][vc_row css_animation=&#8221;&#8221; row_type=&#8221;row&#8221; use_row_as_full_screen_section=&#8221;no&#8221; type=&#8221;full_width&#8221; angled_section=&#8221;no&#8221; text_align=&#8221;left&#8221; background_image_as_pattern=&#8221;without_pattern&#8221;][vc_column offset=&#8221;vc_hidden-md vc_hidden-sm vc_hidden-xs&#8221;][vc_empty_space height=&#8221;60px&#8221;][\/vc_column][\/vc_row]<\/p>\n<\/div>","protected":false},"excerpt":{"rendered":"<p>[vc_row css_animation=&#8221;&#8221; row_type=&#8221;row&#8221; use_row_as_full_screen_section=&#8221;no&#8221; type=&#8221;grid&#8221; angled_section=&#8221;no&#8221; text_align=&#8221;left&#8221; background_image_as_pattern=&#8221;without_pattern&#8221; padding_top=&#8221;60&#8243;][vc_column][vc_column_text css=&#8221;.vc_custom_1620735988489{padding-bottom: 24px !important;}&#8221;] TURNING IMAGES INTO ART [\/vc_column_text][vc_row_inner row_type=&#8221;row&#8221; type=&#8221;full_width&#8221; text_align=&#8221;left&#8221; css_animation=&#8221;&#8221;][vc_column_inner width=&#8221;1\/2&#8243;][vc_column_text] Many companies claim to be steeped in tradition. [\/vc_column_text][vc_empty_space height=&#8221;24px&#8221;][vc_column_text]But finding a company that is more entitled than us \u2013 the paper manufacturer&#8230;<\/p>","protected":false},"author":8,"featured_media":0,"parent":0,"menu_order":210,"comment_status":"closed","ping_status":"closed","template":"","meta":{"footnotes":""},"class_list":["post-18036","page","type-page","status-publish","hentry"],"yoast_head":"<!-- This site is optimized with the Yoast SEO plugin v27.4 - https:\/\/yoast.com\/product\/yoast-seo-wordpress\/ -->\n<title>Hahnem\u00fchle - Officina Fotografica GmbH | OF Fine Art<\/title>\n<meta name=\"description\" content=\"Hahnem\u00fchle fertigt nach den Anspr\u00fcchen auch unserer Kunden und entwickelt Produkte f\u00fcr neue Marktsegmente. Die Devise ist dabei stets \u201eKlasse statt Masse\u201c.\" \/>\n<meta name=\"robots\" content=\"index, follow, max-snippet:-1, max-image-preview:large, max-video-preview:-1\" \/>\n<link rel=\"canonical\" href=\"https:\/\/officina-fotografica.de\/en\/hahnemuehle\/\" \/>\n<meta property=\"og:locale\" content=\"en_US\" \/>\n<meta property=\"og:type\" content=\"article\" \/>\n<meta property=\"og:title\" content=\"Hahnem\u00fchle - Officina Fotografica GmbH | OF Fine Art\" \/>\n<meta property=\"og:description\" content=\"Hahnem\u00fchle fertigt nach den Anspr\u00fcchen auch unserer Kunden und entwickelt Produkte f\u00fcr neue Marktsegmente. Die Devise ist dabei stets \u201eKlasse statt Masse\u201c.\" \/>\n<meta property=\"og:url\" content=\"https:\/\/officina-fotografica.de\/en\/hahnemuehle\/\" \/>\n<meta property=\"og:site_name\" content=\"Officina Fotografica GmbH | OF Fine Art\" \/>\n<meta property=\"article:modified_time\" content=\"2023-05-12T11:23:08+00:00\" \/>\n<meta name=\"twitter:card\" content=\"summary_large_image\" \/>\n<meta name=\"twitter:label1\" content=\"Est. reading time\" \/>\n\t<meta name=\"twitter:data1\" content=\"2 minutes\" \/>\n<script type=\"application\/ld+json\" class=\"yoast-schema-graph\">{\"@context\":\"https:\\\/\\\/schema.org\",\"@graph\":[{\"@type\":\"WebPage\",\"@id\":\"https:\\\/\\\/officina-fotografica.de\\\/en\\\/hahnemuehle\\\/\",\"url\":\"https:\\\/\\\/officina-fotografica.de\\\/en\\\/hahnemuehle\\\/\",\"name\":\"Hahnem\u00fchle - Officina Fotografica GmbH | OF Fine Art\",\"isPartOf\":{\"@id\":\"https:\\\/\\\/officina-fotografica.de\\\/en\\\/#website\"},\"datePublished\":\"2021-05-11T14:54:49+00:00\",\"dateModified\":\"2023-05-12T11:23:08+00:00\",\"description\":\"Hahnem\u00fchle fertigt nach den Anspr\u00fcchen auch unserer Kunden und entwickelt Produkte f\u00fcr neue Marktsegmente. Die Devise ist dabei stets \u201eKlasse statt Masse\u201c.\",\"breadcrumb\":{\"@id\":\"https:\\\/\\\/officina-fotografica.de\\\/en\\\/hahnemuehle\\\/#breadcrumb\"},\"inLanguage\":\"en-US\",\"potentialAction\":[{\"@type\":\"ReadAction\",\"target\":[\"https:\\\/\\\/officina-fotografica.de\\\/en\\\/hahnemuehle\\\/\"]}]},{\"@type\":\"BreadcrumbList\",\"@id\":\"https:\\\/\\\/officina-fotografica.de\\\/en\\\/hahnemuehle\\\/#breadcrumb\",\"itemListElement\":[{\"@type\":\"ListItem\",\"position\":1,\"name\":\"Home page\",\"item\":\"https:\\\/\\\/officina-fotografica.de\\\/en\\\/home\\\/\"},{\"@type\":\"ListItem\",\"position\":2,\"name\":\"Hahnem\u00fchle\"}]},{\"@type\":\"WebSite\",\"@id\":\"https:\\\/\\\/officina-fotografica.de\\\/en\\\/#website\",\"url\":\"https:\\\/\\\/officina-fotografica.de\\\/en\\\/\",\"name\":\"Officina Fotografica GmbH | OF Fine Art\",\"description\":\"Die Bilderwerkstatt in M\u00fcnchen\",\"potentialAction\":[{\"@type\":\"SearchAction\",\"target\":{\"@type\":\"EntryPoint\",\"urlTemplate\":\"https:\\\/\\\/officina-fotografica.de\\\/en\\\/?s={search_term_string}\"},\"query-input\":{\"@type\":\"PropertyValueSpecification\",\"valueRequired\":true,\"valueName\":\"search_term_string\"}}],\"inLanguage\":\"en-US\"}]}<\/script>\n<!-- \/ Yoast SEO plugin. -->","yoast_head_json":{"title":"Hahnem\u00fchle - Officina Fotografica GmbH | OF Fine Art","description":"Hahnem\u00fchle fertigt nach den Anspr\u00fcchen auch unserer Kunden und entwickelt Produkte f\u00fcr neue Marktsegmente. Die Devise ist dabei stets \u201eKlasse statt Masse\u201c.","robots":{"index":"index","follow":"follow","max-snippet":"max-snippet:-1","max-image-preview":"max-image-preview:large","max-video-preview":"max-video-preview:-1"},"canonical":"https:\/\/officina-fotografica.de\/en\/hahnemuehle\/","og_locale":"en_US","og_type":"article","og_title":"Hahnem\u00fchle - Officina Fotografica GmbH | OF Fine Art","og_description":"Hahnem\u00fchle fertigt nach den Anspr\u00fcchen auch unserer Kunden und entwickelt Produkte f\u00fcr neue Marktsegmente. Die Devise ist dabei stets \u201eKlasse statt Masse\u201c.","og_url":"https:\/\/officina-fotografica.de\/en\/hahnemuehle\/","og_site_name":"Officina Fotografica GmbH | OF Fine Art","article_modified_time":"2023-05-12T11:23:08+00:00","twitter_card":"summary_large_image","twitter_misc":{"Est. reading time":"2 minutes"},"schema":{"@context":"https:\/\/schema.org","@graph":[{"@type":"WebPage","@id":"https:\/\/officina-fotografica.de\/en\/hahnemuehle\/","url":"https:\/\/officina-fotografica.de\/en\/hahnemuehle\/","name":"Hahnem\u00fchle - Officina Fotografica GmbH | OF Fine Art","isPartOf":{"@id":"https:\/\/officina-fotografica.de\/en\/#website"},"datePublished":"2021-05-11T14:54:49+00:00","dateModified":"2023-05-12T11:23:08+00:00","description":"Hahnem\u00fchle fertigt nach den Anspr\u00fcchen auch unserer Kunden und entwickelt Produkte f\u00fcr neue Marktsegmente. Die Devise ist dabei stets \u201eKlasse statt Masse\u201c.","breadcrumb":{"@id":"https:\/\/officina-fotografica.de\/en\/hahnemuehle\/#breadcrumb"},"inLanguage":"en-US","potentialAction":[{"@type":"ReadAction","target":["https:\/\/officina-fotografica.de\/en\/hahnemuehle\/"]}]},{"@type":"BreadcrumbList","@id":"https:\/\/officina-fotografica.de\/en\/hahnemuehle\/#breadcrumb","itemListElement":[{"@type":"ListItem","position":1,"name":"Home page","item":"https:\/\/officina-fotografica.de\/en\/home\/"},{"@type":"ListItem","position":2,"name":"Hahnem\u00fchle"}]},{"@type":"WebSite","@id":"https:\/\/officina-fotografica.de\/en\/#website","url":"https:\/\/officina-fotografica.de\/en\/","name":"Officina Fotografica GmbH | OF Fine Art","description":"Die Bilderwerkstatt in M\u00fcnchen","potentialAction":[{"@type":"SearchAction","target":{"@type":"EntryPoint","urlTemplate":"https:\/\/officina-fotografica.de\/en\/?s={search_term_string}"},"query-input":{"@type":"PropertyValueSpecification","valueRequired":true,"valueName":"search_term_string"}}],"inLanguage":"en-US"}]}},"_links":{"self":[{"href":"https:\/\/officina-fotografica.de\/en\/wp-json\/wp\/v2\/pages\/18036","targetHints":{"allow":["GET"]}}],"collection":[{"href":"https:\/\/officina-fotografica.de\/en\/wp-json\/wp\/v2\/pages"}],"about":[{"href":"https:\/\/officina-fotografica.de\/en\/wp-json\/wp\/v2\/types\/page"}],"author":[{"embeddable":true,"href":"https:\/\/officina-fotografica.de\/en\/wp-json\/wp\/v2\/users\/8"}],"replies":[{"embeddable":true,"href":"https:\/\/officina-fotografica.de\/en\/wp-json\/wp\/v2\/comments?post=18036"}],"version-history":[{"count":2,"href":"https:\/\/officina-fotografica.de\/en\/wp-json\/wp\/v2\/pages\/18036\/revisions"}],"predecessor-version":[{"id":18037,"href":"https:\/\/officina-fotografica.de\/en\/wp-json\/wp\/v2\/pages\/18036\/revisions\/18037"}],"wp:attachment":[{"href":"https:\/\/officina-fotografica.de\/en\/wp-json\/wp\/v2\/media?parent=18036"}],"curies":[{"name":"wp","href":"https:\/\/api.w.org\/{rel}","templated":true}]}}